{"id":2131,"date":"2023-06-01T10:47:31","date_gmt":"2023-06-01T10:47:31","guid":{"rendered":"https:\/\/taavani.awork21.dk\/?page_id=2131"},"modified":"2023-10-11T08:40:24","modified_gmt":"2023-10-11T08:40:24","slug":"skib","status":"publish","type":"page","link":"https:\/\/taavani.gl\/da\/skib\/","title":{"rendered":"Skib"},"content":{"rendered":"\t\t<div data-elementor-type=\"wp-post\" data-elementor-id=\"2131\" class=\"elementor elementor-2131\" data-elementor-post-type=\"page\">\n\t\t\t\t\t\t<section class=\"elementor-section elementor-top-section elementor-element elementor-element-33a79095 elementor-section-boxed elementor-section-height-default elementor-section-height-default\" data-id=\"33a79095\" data-element_type=\"section\" data-settings=\"{&quot;background_background&quot;:&quot;classic&quot;}\">\n\t\t\t\t\t\t\t<div class=\"elementor-background-overlay\"><\/div>\n\t\t\t\t\t\t\t<div class=\"elementor-container elementor-column-gap-default\">\n\t\t\t\t\t<div class=\"elementor-column elementor-col-100 elementor-top-column elementor-element elementor-element-3706530d\" data-id=\"3706530d\" data-element_type=\"column\">\n\t\t\t<div class=\"elementor-widget-wrap elementor-element-populated\">\n\t\t\t\t\t\t<div class=\"elementor-element elementor-element-537de1f elementor-widget elementor-widget-heading\" data-id=\"537de1f\" data-element_type=\"widget\" data-widget_type=\"heading.default\">\n\t\t\t\t<div class=\"elementor-widget-container\">\n\t\t\t<h1 class=\"elementor-heading-title elementor-size-default\">Skib<\/h1>\t\t<\/div>\n\t\t\t\t<\/div>\n\t\t\t\t\t<\/div>\n\t\t<\/div>\n\t\t\t\t\t<\/div>\n\t\t<\/section>\n\t\t\t\t<section class=\"elementor-section elementor-top-section elementor-element elementor-element-069da96 elementor-section-boxed elementor-section-height-default elementor-section-height-default\" data-id=\"069da96\" data-element_type=\"section\" data-settings=\"{&quot;background_background&quot;:&quot;classic&quot;}\">\n\t\t\t\t\t\t<div class=\"elementor-container elementor-column-gap-default\">\n\t\t\t\t\t<div class=\"elementor-column elementor-col-100 elementor-top-column elementor-element elementor-element-9962ca2\" data-id=\"9962ca2\" data-element_type=\"column\">\n\t\t\t<div class=\"elementor-widget-wrap elementor-element-populated\">\n\t\t\t\t\t\t<div class=\"elementor-element elementor-element-17c07ee elementor-widget elementor-widget-heading\" data-id=\"17c07ee\" data-element_type=\"widget\" data-widget_type=\"heading.default\">\n\t\t\t\t<div class=\"elementor-widget-container\">\n\t\t\t<h4 class=\"elementor-heading-title elementor-size-default\">Arctic Umiaq Line<\/h4>\t\t<\/div>\n\t\t\t\t<\/div>\n\t\t\t\t<div class=\"elementor-element elementor-element-0810e95 elementor-widget-divider--view-line elementor-widget elementor-widget-divider\" data-id=\"0810e95\" data-element_type=\"widget\" data-widget_type=\"divider.default\">\n\t\t\t\t<div class=\"elementor-widget-container\">\n\t\t\t\t\t<div class=\"elementor-divider\">\n\t\t\t<span class=\"elementor-divider-separator\">\n\t\t\t\t\t\t<\/span>\n\t\t<\/div>\n\t\t\t\t<\/div>\n\t\t\t\t<\/div>\n\t\t\t\t<div class=\"elementor-element elementor-element-f0b504c elementor-widget elementor-widget-text-editor\" data-id=\"f0b504c\" data-element_type=\"widget\" data-widget_type=\"text-editor.default\">\n\t\t\t\t<div class=\"elementor-widget-container\">\n\t\t\t\t\t\t\t<p class=\"zw-paragraph\" style=\"text-align: left;\" data-linerule=\"auto\" data-line-height=\"1.0791666666666666\" data-margin-bottom=\"8.0pt\" data-doc-id=\"1477456000000355002\" data-doc-type=\"writer\">Arctic Umiaq Line er det foretrukne valg i Gr\u00f8nland, hvis man skal opleve nogle af smukkeste steder i verden. Arctic Umiaq Line, sejler med skibet Sarfaq\u00a0Ittuk 1.330 km langs Gr\u00f8nlands vestkyst \u2013 fra Ilulissat i nord til Qaqortoq i syd og anl\u00f8ber 12 havne p\u00e5 vejen.<\/p><p class=\"zw-paragraph\" style=\"text-align: left;\" data-linerule=\"auto\" data-line-height=\"1.0791666666666666\" data-margin-bottom=\"8.0pt\">For os der bor i Gr\u00f8nland er Sarfaq\u00a0Ittuk et omdrejningspunkt for familien og et behageligt frirum, mens vi rejser. For turisten er Sarfaq\u00a0Ittuk chancen for at se nogle af de smukkeste steder i verden: Isbjerge n\u00e6r Ilulissat Isfjord, betagende Sydgr\u00f8nland, mange af de vigtigste byer, herunder Nuuk \u2013 hovedstaden i Gr\u00f8nland. En tur med Sarfaq\u00a0Ittuk er ikke et overd\u00e5digt luksuscruise \u2013 men p\u00e5 sin egen m\u00e5de er det meget mere. Det er en unik oplevelse, hvor turister og lokale f\u00e6rdes p\u00e5 den samme rejse men med forskellige form\u00e5l.<\/p><p class=\"zw-paragraph\" style=\"text-align: left;\" data-linerule=\"auto\" data-line-height=\"1.0791666666666666\" data-margin-bottom=\"8.0pt\" data-doc-id=\"1477456000000355002\" data-doc-type=\"writer\">L\u00e6s meget mere om Arctic Umiaq Line p\u00e5 deres hjemmeside: <a href=\"http:\/\/www.aul.gl\"><span data-char-style-info=\"7370162\">www.aul.gl<\/span><\/a><\/p>\t\t\t\t\t\t<\/div>\n\t\t\t\t<\/div>\n\t\t\t\t\t<\/div>\n\t\t<\/div>\n\t\t\t\t\t<\/div>\n\t\t<\/section>\n\t\t\t\t<section class=\"elementor-section elementor-top-section elementor-element elementor-element-6cb6d25 elementor-section-boxed elementor-section-height-default elementor-section-height-default\" data-id=\"6cb6d25\" data-element_type=\"section\">\n\t\t\t\t\t\t<div class=\"elementor-container elementor-column-gap-default\">\n\t\t\t\t\t<div class=\"elementor-column elementor-col-100 elementor-top-column elementor-element elementor-element-99514e4\" data-id=\"99514e4\" data-element_type=\"column\">\n\t\t\t<div class=\"elementor-widget-wrap elementor-element-populated\">\n\t\t\t\t\t\t<div class=\"elementor-element elementor-element-383267a elementor-widget elementor-widget-image\" data-id=\"383267a\" data-element_type=\"widget\" data-widget_type=\"image.default\">\n\t\t\t\t<div class=\"elementor-widget-container\">\n\t\t\t\t\t\t\t\t\t\t\t\t\t\t<a href=\"https:\/\/taavani.gl\/wp-content\/uploads\/2023\/03\/20210116_123306-scaled.jpg\" data-elementor-open-lightbox=\"yes\" data-elementor-lightbox-title=\"20210116_123306\" data-e-action-hash=\"#elementor-action%3Aaction%3Dlightbox%26settings%3DeyJpZCI6NjEzLCJ1cmwiOiJodHRwczpcL1wvdGFhdmFuaS5nbFwvd3AtY29udGVudFwvdXBsb2Fkc1wvMjAyM1wvMDNcLzIwMjEwMTE2XzEyMzMwNi1zY2FsZWQuanBnIn0%3D\">\n\t\t\t\t\t\t\t<img fetchpriority=\"high\" decoding=\"async\" width=\"2560\" height=\"1211\" src=\"https:\/\/taavani.gl\/wp-content\/uploads\/2023\/03\/20210116_123306-scaled.jpg\" class=\"elementor-animation-grow attachment-full size-full wp-image-613\" alt=\"\" srcset=\"https:\/\/taavani.gl\/wp-content\/uploads\/2023\/03\/20210116_123306-scaled.jpg 2560w, https:\/\/taavani.gl\/wp-content\/uploads\/2023\/03\/20210116_123306-300x142.jpg 300w, https:\/\/taavani.gl\/wp-content\/uploads\/2023\/03\/20210116_123306-1024x485.jpg 1024w, https:\/\/taavani.gl\/wp-content\/uploads\/2023\/03\/20210116_123306-768x363.jpg 768w, https:\/\/taavani.gl\/wp-content\/uploads\/2023\/03\/20210116_123306-1536x727.jpg 1536w, https:\/\/taavani.gl\/wp-content\/uploads\/2023\/03\/20210116_123306-2048x969.jpg 2048w\" sizes=\"(max-width: 2560px) 100vw, 2560px\" \/>\t\t\t\t\t\t\t\t<\/a>\n\t\t\t\t\t\t\t\t\t\t\t\t\t<\/div>\n\t\t\t\t<\/div>\n\t\t\t\t<div class=\"elementor-element elementor-element-096b243 elementor-align-left elementor-widget elementor-widget-button\" data-id=\"096b243\" data-element_type=\"widget\" data-widget_type=\"button.default\">\n\t\t\t\t<div class=\"elementor-widget-container\">\n\t\t\t\t\t\t\t<div class=\"elementor-button-wrapper\">\n\t\t\t\t\t<a class=\"elementor-button elementor-button-link elementor-size-sm\" href=\"https:\/\/taavani.gl\/transport-i-groenland\/\">\n\t\t\t\t\t\t<span class=\"elementor-button-content-wrapper\">\n\t\t\t\t\t\t<span class=\"elementor-button-icon\">\n\t\t\t\t<i aria-hidden=\"true\" class=\"fas fa-long-arrow-alt-left\"><\/i>\t\t\t<\/span>\n\t\t\t\t\t\t\t\t\t<span class=\"elementor-button-text\">Tilbage til transport<\/span>\n\t\t\t\t\t<\/span>\n\t\t\t\t\t<\/a>\n\t\t\t\t<\/div>\n\t\t\t\t\t\t<\/div>\n\t\t\t\t<\/div>\n\t\t\t\t\t<\/div>\n\t\t<\/div>\n\t\t\t\t\t<\/div>\n\t\t<\/section>\n\t\t\t\t<\/div>\n\t\t","protected":false},"excerpt":{"rendered":"<p>Skib Arctic Umiaq Line Arctic Umiaq Line er det foretrukne valg i Gr\u00f8nland, hvis man skal opleve nogle af smukkeste steder i verden. Arctic Umiaq Line, sejler med skibet Sarfaq\u00a0Ittuk 1.330 km langs Gr\u00f8nlands vestkyst \u2013 fra Ilulissat i nord til Qaqortoq i syd og anl\u00f8ber 12 havne p\u00e5 vejen. For os der bor i [&hellip;]<\/p>\n","protected":false},"author":1,"featured_media":0,"parent":0,"menu_order":0,"comment_status":"closed","ping_status":"closed","template":"","meta":{"_monsterinsights_skip_tracking":false,"_monsterinsights_sitenote_active":false,"_monsterinsights_sitenote_note":"","_monsterinsights_sitenote_category":0,"site-sidebar-layout":"no-sidebar","site-content-layout":"page-builder","ast-site-content-layout":"","site-content-style":"default","site-sidebar-style":"default","ast-global-header-display":"","ast-banner-title-visibility":"","ast-main-header-display":"","ast-hfb-above-header-display":"","ast-hfb-below-header-display":"","ast-hfb-mobile-header-display":"","site-post-title":"disabled","ast-breadcrumbs-content":"","ast-featured-img":"disabled","footer-sml-layout":"","theme-transparent-header-meta":"enabled","adv-header-id-meta":"","stick-header-meta":"","header-above-stick-meta":"","header-main-stick-meta":"","header-below-stick-meta":"","astra-migrate-meta-layouts":"default","ast-page-background-enabled":"default","ast-page-background-meta":{"desktop":{"background-color":"","background-image":"","background-repeat":"repeat","background-position":"center center","background-size":"auto","background-attachment":"scroll","background-type":"","background-media":"","overlay-type":"","overlay-color":"","overlay-opacity":"","overlay-gradient":""},"tablet":{"background-color":"","background-image":"","background-repeat":"repeat","background-position":"center center","background-size":"auto","background-attachment":"scroll","background-type":"","background-media":"","overlay-type":"","overlay-color":"","overlay-opacity":"","overlay-gradient":""},"mobile":{"background-color":"","background-image":"","background-repeat":"repeat","background-position":"center center","background-size":"auto","background-attachment":"scroll","background-type":"","background-media":"","overlay-type":"","overlay-color":"","overlay-opacity":"","overlay-gradient":""}},"ast-content-background-meta":{"desktop":{"background-color":"var(--ast-global-color-5)","background-image":"","background-repeat":"repeat","background-position":"center center","background-size":"auto","background-attachment":"scroll","background-type":"","background-media":"","overlay-type":"","overlay-color":"","overlay-opacity":"","overlay-gradient":""},"tablet":{"background-color":"var(--ast-global-color-5)","background-image":"","background-repeat":"repeat","background-position":"center center","background-size":"auto","background-attachment":"scroll","background-type":"","background-media":"","overlay-type":"","overlay-color":"","overlay-opacity":"","overlay-gradient":""},"mobile":{"background-color":"var(--ast-global-color-5)","background-image":"","background-repeat":"repeat","background-position":"center center","background-size":"auto","background-attachment":"scroll","background-type":"","background-media":"","overlay-type":"","overlay-color":"","overlay-opacity":"","overlay-gradient":""}},"footnotes":""},"class_list":["post-2131","page","type-page","status-publish","hentry"],"yoast_head":"<!-- This site is optimized with the Yoast SEO plugin v23.9 - https:\/\/yoast.com\/wordpress\/plugins\/seo\/ -->\n<title>Skib - Taavani<\/title>\n<meta name=\"robots\" content=\"index, follow, max-snippet:-1, max-image-preview:large, max-video-preview:-1\" \/>\n<link rel=\"canonical\" href=\"https:\/\/taavani.gl\/da\/skib\/\" \/>\n<meta property=\"og:locale\" content=\"da_DK\" \/>\n<meta property=\"og:type\" content=\"article\" \/>\n<meta property=\"og:title\" content=\"Skib - Taavani\" \/>\n<meta property=\"og:description\" content=\"Skib Arctic Umiaq Line Arctic Umiaq Line er det foretrukne valg i Gr\u00f8nland, hvis man skal opleve nogle af smukkeste steder i verden. Arctic Umiaq Line, sejler med skibet Sarfaq\u00a0Ittuk 1.330 km langs Gr\u00f8nlands vestkyst \u2013 fra Ilulissat i nord til Qaqortoq i syd og anl\u00f8ber 12 havne p\u00e5 vejen. For os der bor i [&hellip;]\" \/>\n<meta property=\"og:url\" content=\"https:\/\/taavani.gl\/da\/skib\/\" \/>\n<meta property=\"og:site_name\" content=\"Taavani\" \/>\n<meta property=\"article:publisher\" content=\"https:\/\/www.facebook.com\/TaavaniApS\/\" \/>\n<meta property=\"article:modified_time\" content=\"2023-10-11T08:40:24+00:00\" \/>\n<meta property=\"og:image\" content=\"https:\/\/taavani.gl\/wp-content\/uploads\/2023\/03\/20210116_123306-scaled.jpg\" \/>\n\t<meta property=\"og:image:width\" content=\"2560\" \/>\n\t<meta property=\"og:image:height\" content=\"1211\" \/>\n\t<meta property=\"og:image:type\" content=\"image\/jpeg\" \/>\n<meta name=\"twitter:card\" content=\"summary_large_image\" \/>\n<meta name=\"twitter:label1\" content=\"Estimeret l\u00e6setid\" \/>\n\t<meta name=\"twitter:data1\" content=\"2 minutter\" \/>\n<script type=\"application\/ld+json\" class=\"yoast-schema-graph\">{\"@context\":\"https:\/\/schema.org\",\"@graph\":[{\"@type\":\"WebPage\",\"@id\":\"https:\/\/taavani.gl\/da\/skib\/\",\"url\":\"https:\/\/taavani.gl\/da\/skib\/\",\"name\":\"Skib - Taavani\",\"isPartOf\":{\"@id\":\"https:\/\/taavani.gl\/#website\"},\"primaryImageOfPage\":{\"@id\":\"https:\/\/taavani.gl\/da\/skib\/#primaryimage\"},\"image\":{\"@id\":\"https:\/\/taavani.gl\/da\/skib\/#primaryimage\"},\"thumbnailUrl\":\"https:\/\/taavani.gl\/wp-content\/uploads\/2023\/03\/20210116_123306-scaled.jpg\",\"datePublished\":\"2023-06-01T10:47:31+00:00\",\"dateModified\":\"2023-10-11T08:40:24+00:00\",\"breadcrumb\":{\"@id\":\"https:\/\/taavani.gl\/da\/skib\/#breadcrumb\"},\"inLanguage\":\"da-DK\",\"potentialAction\":[{\"@type\":\"ReadAction\",\"target\":[\"https:\/\/taavani.gl\/da\/skib\/\"]}]},{\"@type\":\"ImageObject\",\"inLanguage\":\"da-DK\",\"@id\":\"https:\/\/taavani.gl\/da\/skib\/#primaryimage\",\"url\":\"https:\/\/taavani.gl\/wp-content\/uploads\/2023\/03\/20210116_123306-scaled.jpg\",\"contentUrl\":\"https:\/\/taavani.gl\/wp-content\/uploads\/2023\/03\/20210116_123306-scaled.jpg\"},{\"@type\":\"BreadcrumbList\",\"@id\":\"https:\/\/taavani.gl\/da\/skib\/#breadcrumb\",\"itemListElement\":[{\"@type\":\"ListItem\",\"position\":1,\"name\":\"Home\",\"item\":\"https:\/\/taavani.gl\/da\/forside\/\"},{\"@type\":\"ListItem\",\"position\":2,\"name\":\"Skib\"}]},{\"@type\":\"WebSite\",\"@id\":\"https:\/\/taavani.gl\/#website\",\"url\":\"https:\/\/taavani.gl\/\",\"name\":\"Taavani\",\"description\":\"\",\"potentialAction\":[{\"@type\":\"SearchAction\",\"target\":{\"@type\":\"EntryPoint\",\"urlTemplate\":\"https:\/\/taavani.gl\/?s={search_term_string}\"},\"query-input\":{\"@type\":\"PropertyValueSpecification\",\"valueRequired\":true,\"valueName\":\"search_term_string\"}}],\"inLanguage\":\"da-DK\"}]}<\/script>\n<!-- \/ Yoast SEO plugin. -->","yoast_head_json":{"title":"Skib - Taavani","robots":{"index":"index","follow":"follow","max-snippet":"max-snippet:-1","max-image-preview":"max-image-preview:large","max-video-preview":"max-video-preview:-1"},"canonical":"https:\/\/taavani.gl\/da\/skib\/","og_locale":"da_DK","og_type":"article","og_title":"Skib - Taavani","og_description":"Skib Arctic Umiaq Line Arctic Umiaq Line er det foretrukne valg i Gr\u00f8nland, hvis man skal opleve nogle af smukkeste steder i verden. Arctic Umiaq Line, sejler med skibet Sarfaq\u00a0Ittuk 1.330 km langs Gr\u00f8nlands vestkyst \u2013 fra Ilulissat i nord til Qaqortoq i syd og anl\u00f8ber 12 havne p\u00e5 vejen. For os der bor i [&hellip;]","og_url":"https:\/\/taavani.gl\/da\/skib\/","og_site_name":"Taavani","article_publisher":"https:\/\/www.facebook.com\/TaavaniApS\/","article_modified_time":"2023-10-11T08:40:24+00:00","og_image":[{"width":2560,"height":1211,"url":"https:\/\/taavani.gl\/wp-content\/uploads\/2023\/03\/20210116_123306-scaled.jpg","type":"image\/jpeg"}],"twitter_card":"summary_large_image","twitter_misc":{"Estimeret l\u00e6setid":"2 minutter"},"schema":{"@context":"https:\/\/schema.org","@graph":[{"@type":"WebPage","@id":"https:\/\/taavani.gl\/da\/skib\/","url":"https:\/\/taavani.gl\/da\/skib\/","name":"Skib - Taavani","isPartOf":{"@id":"https:\/\/taavani.gl\/#website"},"primaryImageOfPage":{"@id":"https:\/\/taavani.gl\/da\/skib\/#primaryimage"},"image":{"@id":"https:\/\/taavani.gl\/da\/skib\/#primaryimage"},"thumbnailUrl":"https:\/\/taavani.gl\/wp-content\/uploads\/2023\/03\/20210116_123306-scaled.jpg","datePublished":"2023-06-01T10:47:31+00:00","dateModified":"2023-10-11T08:40:24+00:00","breadcrumb":{"@id":"https:\/\/taavani.gl\/da\/skib\/#breadcrumb"},"inLanguage":"da-DK","potentialAction":[{"@type":"ReadAction","target":["https:\/\/taavani.gl\/da\/skib\/"]}]},{"@type":"ImageObject","inLanguage":"da-DK","@id":"https:\/\/taavani.gl\/da\/skib\/#primaryimage","url":"https:\/\/taavani.gl\/wp-content\/uploads\/2023\/03\/20210116_123306-scaled.jpg","contentUrl":"https:\/\/taavani.gl\/wp-content\/uploads\/2023\/03\/20210116_123306-scaled.jpg"},{"@type":"BreadcrumbList","@id":"https:\/\/taavani.gl\/da\/skib\/#breadcrumb","itemListElement":[{"@type":"ListItem","position":1,"name":"Home","item":"https:\/\/taavani.gl\/da\/forside\/"},{"@type":"ListItem","position":2,"name":"Skib"}]},{"@type":"WebSite","@id":"https:\/\/taavani.gl\/#website","url":"https:\/\/taavani.gl\/","name":"Taavani","description":"","potentialAction":[{"@type":"SearchAction","target":{"@type":"EntryPoint","urlTemplate":"https:\/\/taavani.gl\/?s={search_term_string}"},"query-input":{"@type":"PropertyValueSpecification","valueRequired":true,"valueName":"search_term_string"}}],"inLanguage":"da-DK"}]}},"_links":{"self":[{"href":"https:\/\/taavani.gl\/da\/wp-json\/wp\/v2\/pages\/2131","targetHints":{"allow":["GET"]}}],"collection":[{"href":"https:\/\/taavani.gl\/da\/wp-json\/wp\/v2\/pages"}],"about":[{"href":"https:\/\/taavani.gl\/da\/wp-json\/wp\/v2\/types\/page"}],"author":[{"embeddable":true,"href":"https:\/\/taavani.gl\/da\/wp-json\/wp\/v2\/users\/1"}],"replies":[{"embeddable":true,"href":"https:\/\/taavani.gl\/da\/wp-json\/wp\/v2\/comments?post=2131"}],"version-history":[{"count":16,"href":"https:\/\/taavani.gl\/da\/wp-json\/wp\/v2\/pages\/2131\/revisions"}],"predecessor-version":[{"id":3530,"href":"https:\/\/taavani.gl\/da\/wp-json\/wp\/v2\/pages\/2131\/revisions\/3530"}],"wp:attachment":[{"href":"https:\/\/taavani.gl\/da\/wp-json\/wp\/v2\/media?parent=2131"}],"curies":[{"name":"wp","href":"https:\/\/api.w.org\/{rel}","templated":true}]}}