{"id":2169,"date":"2023-06-01T11:15:00","date_gmt":"2023-06-01T11:15:00","guid":{"rendered":"https:\/\/taavani.awork21.dk\/?page_id=2169"},"modified":"2023-10-11T07:46:00","modified_gmt":"2023-10-11T07:46:00","slug":"nationalparken","status":"publish","type":"page","link":"https:\/\/taavani.gl\/da\/nationalparken\/","title":{"rendered":"Nationalparken"},"content":{"rendered":"\t\t<div data-elementor-type=\"wp-post\" data-elementor-id=\"2169\" class=\"elementor elementor-2169\" data-elementor-post-type=\"page\">\n\t\t\t\t\t\t<section class=\"elementor-section elementor-top-section elementor-element elementor-element-33a79095 elementor-section-boxed elementor-section-height-default elementor-section-height-default\" data-id=\"33a79095\" data-element_type=\"section\" data-settings=\"{&quot;background_background&quot;:&quot;classic&quot;}\">\n\t\t\t\t\t\t\t<div class=\"elementor-background-overlay\"><\/div>\n\t\t\t\t\t\t\t<div class=\"elementor-container elementor-column-gap-default\">\n\t\t\t\t\t<div class=\"elementor-column elementor-col-100 elementor-top-column elementor-element elementor-element-3706530d\" data-id=\"3706530d\" data-element_type=\"column\">\n\t\t\t<div class=\"elementor-widget-wrap elementor-element-populated\">\n\t\t\t\t\t\t<div class=\"elementor-element elementor-element-537de1f elementor-widget elementor-widget-heading\" data-id=\"537de1f\" data-element_type=\"widget\" data-widget_type=\"heading.default\">\n\t\t\t\t<div class=\"elementor-widget-container\">\n\t\t\t<h1 class=\"elementor-heading-title elementor-size-default\">Nationalparken<\/h1>\t\t<\/div>\n\t\t\t\t<\/div>\n\t\t\t\t\t<\/div>\n\t\t<\/div>\n\t\t\t\t\t<\/div>\n\t\t<\/section>\n\t\t\t\t<section class=\"elementor-section elementor-top-section elementor-element elementor-element-069da96 elementor-section-boxed elementor-section-height-default elementor-section-height-default\" data-id=\"069da96\" data-element_type=\"section\" data-settings=\"{&quot;background_background&quot;:&quot;classic&quot;}\">\n\t\t\t\t\t\t<div class=\"elementor-container elementor-column-gap-default\">\n\t\t\t\t\t<div class=\"elementor-column elementor-col-66 elementor-top-column elementor-element elementor-element-9962ca2\" data-id=\"9962ca2\" data-element_type=\"column\">\n\t\t\t<div class=\"elementor-widget-wrap elementor-element-populated\">\n\t\t\t\t\t\t<div class=\"elementor-element elementor-element-17c07ee elementor-widget elementor-widget-heading\" data-id=\"17c07ee\" data-element_type=\"widget\" data-widget_type=\"heading.default\">\n\t\t\t\t<div class=\"elementor-widget-container\">\n\t\t\t<h4 class=\"elementor-heading-title elementor-size-default\">Nationalparken<\/h4>\t\t<\/div>\n\t\t\t\t<\/div>\n\t\t\t\t<div class=\"elementor-element elementor-element-0810e95 elementor-widget-divider--view-line elementor-widget elementor-widget-divider\" data-id=\"0810e95\" data-element_type=\"widget\" data-widget_type=\"divider.default\">\n\t\t\t\t<div class=\"elementor-widget-container\">\n\t\t\t\t\t<div class=\"elementor-divider\">\n\t\t\t<span class=\"elementor-divider-separator\">\n\t\t\t\t\t\t<\/span>\n\t\t<\/div>\n\t\t\t\t<\/div>\n\t\t\t\t<\/div>\n\t\t\t\t<div class=\"elementor-element elementor-element-f0b504c elementor-widget elementor-widget-text-editor\" data-id=\"f0b504c\" data-element_type=\"widget\" data-widget_type=\"text-editor.default\">\n\t\t\t\t<div class=\"elementor-widget-container\">\n\t\t\t\t\t\t\t<p class=\"zw-paragraph\" style=\"text-align: left;\" data-linerule=\"auto\" data-line-height=\"1.0791666666666666\" data-margin-bottom=\"8.0pt\" data-doc-id=\"1477456000000355001\" data-doc-type=\"writer\">Gr\u00f8nlands Nationalpark er med sine 972.000 kvadratkilometer verdens st\u00f8rste. Her er der god plads til at de ca. 40 indbyggere og det rige dyreliv kan boltre sig.\u00a0\u00a0<\/p><p class=\"zw-paragraph\" style=\"text-align: left;\" data-linerule=\"auto\" data-line-height=\"1.0791666666666666\" data-margin-bottom=\"8.0pt\">Nationalparken omfatter hele den nord\u00f8stlige del af Gr\u00f8nland nord for Ittoqqortoormiit og str\u00e6kker sig fra Knud Rasmussens land i nord til Mesters Vig i \u00f8st. St\u00f8rste delen af nationalparken i Gr\u00f8nland er d\u00e6kket af indlandsisen. Kun langs den 18.000 kilometer lange kyststr\u00e6kning kan du i sommerm\u00e5nederne finde isfri steder.<\/p><p class=\"zw-paragraph\" style=\"text-align: left;\" data-linerule=\"auto\" data-line-height=\"1.0791666666666666\" data-margin-bottom=\"8.0pt\">I dag er nationalparken en vigtig brik i klimaforskningen. Forskningsstationen Zackenberg, som du finder godt 450 kilometer nord for Ittoqqortoormiit er omdrejningspunktet for overv\u00e5gningen af effekterne af klimaforandringen. Det skyldes at Zackenberg er beliggende i en h\u00f8jarktisk klimazone. Denne klimazone reagerer tidligere p\u00e5 \u00e6ndringerne i det globale vejr end andre forskningsstationer. Gr\u00f8nlands Nationalpark er derfor et omdrejningspunkt i forhold til forskning af klimaforandringerne.<\/p><p class=\"zw-paragraph\" style=\"text-align: left;\" data-linerule=\"auto\" data-line-height=\"1.0791666666666666\" data-margin-bottom=\"8.0pt\">I Nationalparken findes en r\u00e6kke forskellige inuit bopladser og \u00e6ldste ansl\u00e5s at v\u00e6re mere end 4.500 \u00e5r gamle. Den gang drog inuit fra Canada til Gr\u00f8nlands nord\u00f8stkyst. I dag er det kun fangere fra Ittoqqortoormiit, som g\u00e6ster Nationalparken for jagt og hundesl\u00e6de foruden de faste beboere.<\/p><p class=\"zw-paragraph\" style=\"text-align: left;\" data-linerule=\"auto\" data-line-height=\"1.0791666666666666\" data-margin-bottom=\"8.0pt\">I 1941 blev Siriuspatruljen f\u00f8dt, en dansk milit\u00e6r enhed, der er underlagt Arktisk Kommando. Det skete fordi Danmark og Norge ikke kunne blive enige om, hvem der havde retten til Nord\u00f8stgr\u00f8nland. Danmark vandt retten ved en dom afsagt ved Den International Domstol i Haag. Afg\u00f8relsen bet\u00f8d at Danmark skulle vise at de kunne opretholde patruljering.\u00a0\u00a0<\/p><p class=\"zw-paragraph\" style=\"text-align: left;\" data-linerule=\"auto\" data-line-height=\"1.0791666666666666\" data-margin-bottom=\"8.0pt\">Sl\u00e6depatruljen Sirius har hovedbase ved Daneborg i Nord\u00f8stgr\u00f8nland. Patruljen overv\u00e5ger omr\u00e5det p\u00e5 hundesl\u00e6derejser og sejlads. Samtidig skal sl\u00e6depatruljen f\u00f8re kontrol med ekspeditioner og fredningsbestemmelser i Gr\u00f8nlands Nationalpark. Vejrstationerne p\u00e5 Station Nord og i Danmarkshavn er ogs\u00e5 bemandet. Hovedopgaven for personalet i Danmarkshavn er to gange i d\u00f8gnet at opsende en vejrballon med m\u00e5leinstrumenter. Ogs\u00e5 Mesters Vig er bemandet \u2013 is\u00e6r om sommeren er der livlig aktivitet i den gamle mineby<\/p><p class=\"zw-paragraph\" style=\"text-align: left;\" data-linerule=\"auto\" data-line-height=\"1.0791666666666666\" data-margin-bottom=\"8.0pt\">Nationalparken i Gr\u00f8nland kan kun bes\u00f8ges i s\u00e6rlige tilf\u00e6lde og kr\u00e6ver en grundig planl\u00e6gning og krav til sikkerhed.\u00a0\u00a0Bes\u00f8get vil kr\u00e6ve s\u00e6rlig tilladelse fra Gr\u00f8nlands Selvstyre. Denne ans\u00f8gning skal foretages i god tid f\u00f8r afrejse. Rejser man med krydstogtskib, bliver dette h\u00e5ndteret og der er ikke behov for yderligere handling. Hvert \u00e5r bes\u00f8ger et lavt antal uafh\u00e6ngige rejsende nationalparken &#8211; normalt med b\u00e5d.<\/p><p style=\"text-align: left;\">Det bedste tidspunkt at bes\u00f8ge er juli og august. P\u00e5 dette tidspunkt er fjordene i Nationalparken isfri, og de fleste steder er tilg\u00e6ngelige. Det er ogs\u00e5 det bedste tidspunkt at m\u00f8de dyrelivet p\u00e5, og ynglefuglene er stadig til stede i omr\u00e5det, f\u00f8r de starter deres sydg\u00e5ende tr\u00e6k. Fra midten af august til slutningen af august begynder tundraen at f\u00e5 sin &#8220;efter\u00e5rspels&#8221; med storsl\u00e5ede orange og r\u00f8de farver.<\/p>\t\t\t\t\t\t<\/div>\n\t\t\t\t<\/div>\n\t\t\t\t\t<\/div>\n\t\t<\/div>\n\t\t\t\t<div class=\"elementor-column elementor-col-33 elementor-top-column elementor-element elementor-element-1c601cb\" data-id=\"1c601cb\" data-element_type=\"column\">\n\t\t\t<div class=\"elementor-widget-wrap\">\n\t\t\t\t\t\t\t<\/div>\n\t\t<\/div>\n\t\t\t\t\t<\/div>\n\t\t<\/section>\n\t\t\t\t<section class=\"elementor-section elementor-top-section elementor-element elementor-element-b0832dd elementor-section-boxed elementor-section-height-default elementor-section-height-default\" data-id=\"b0832dd\" data-element_type=\"section\">\n\t\t\t\t\t\t<div class=\"elementor-container elementor-column-gap-default\">\n\t\t\t\t\t<div class=\"elementor-column elementor-col-100 elementor-top-column elementor-element elementor-element-d24c183\" data-id=\"d24c183\" data-element_type=\"column\">\n\t\t\t<div class=\"elementor-widget-wrap elementor-element-populated\">\n\t\t\t\t\t\t<div class=\"elementor-element elementor-element-313ed98 elementor-widget elementor-widget-heading\" data-id=\"313ed98\" data-element_type=\"widget\" data-widget_type=\"heading.default\">\n\t\t\t\t<div class=\"elementor-widget-container\">\n\t\t\t<h4 class=\"elementor-heading-title elementor-size-default\">Udvalgte turoperat\u00f8rer i Nationalparken<\/h4>\t\t<\/div>\n\t\t\t\t<\/div>\n\t\t\t\t<div class=\"elementor-element elementor-element-e9c425c elementor-widget-divider--view-line elementor-widget elementor-widget-divider\" data-id=\"e9c425c\" data-element_type=\"widget\" data-widget_type=\"divider.default\">\n\t\t\t\t<div class=\"elementor-widget-container\">\n\t\t\t\t\t<div class=\"elementor-divider\">\n\t\t\t<span class=\"elementor-divider-separator\">\n\t\t\t\t\t\t<\/span>\n\t\t<\/div>\n\t\t\t\t<\/div>\n\t\t\t\t<\/div>\n\t\t\t\t<section class=\"elementor-section elementor-inner-section elementor-element elementor-element-7300110 elementor-section-boxed elementor-section-height-default elementor-section-height-default\" data-id=\"7300110\" data-element_type=\"section\">\n\t\t\t\t\t\t<div class=\"elementor-container elementor-column-gap-default\">\n\t\t\t\t\t<div class=\"elementor-column elementor-col-50 elementor-inner-column elementor-element elementor-element-7e93da3\" data-id=\"7e93da3\" data-element_type=\"column\">\n\t\t\t<div class=\"elementor-widget-wrap elementor-element-populated\">\n\t\t\t\t\t\t<div class=\"elementor-element elementor-element-1bafd4a elementor-cta--skin-classic elementor-animated-content elementor-bg-transform elementor-bg-transform-zoom-in elementor-widget elementor-widget-call-to-action\" data-id=\"1bafd4a\" data-element_type=\"widget\" data-widget_type=\"call-to-action.default\">\n\t\t\t\t<div class=\"elementor-widget-container\">\n\t\t\t\t\t<div class=\"elementor-cta\">\n\t\t\t\t\t<div class=\"elementor-cta__bg-wrapper\">\n\t\t\t\t<div class=\"elementor-cta__bg elementor-bg\" style=\"background-image: url(https:\/\/taavani.gl\/wp-content\/uploads\/2023\/06\/Nuussuaq-Autumn-Sunset.-Photo-Carlo-Lukassen-Visit-Greenland-1024x576.jpg);\" role=\"img\" aria-label=\"Nuussuaq in an autumn sunset with mount Sermitsiaq in the background in Nuuk, Greenland\"><\/div>\n\t\t\t\t<div class=\"elementor-cta__bg-overlay\"><\/div>\n\t\t\t<\/div>\n\t\t\t\t\t\t\t<div class=\"elementor-cta__content\">\n\t\t\t\t\n\t\t\t\t\t\t\t\t\t<h3 class=\"elementor-cta__title elementor-cta__content-item elementor-content-item\">\n\t\t\t\t\t\tNANU Travel\t\t\t\t\t<\/h3>\n\t\t\t\t\n\t\t\t\t\t\t\t\t\t<div class=\"elementor-cta__description elementor-cta__content-item elementor-content-item\">\n\t\t\t\t\t\tNanu Travel er b\u00e5de et turistkontor og turoperat\u00f8r i Ittoqqortoormiit. De er et lille specialistfirma, der er lokalt ejet og bruger lokale guider til uovertruffen viden og for at sikre, at penge fra dit bes\u00f8g kommer den lokale \u00f8konomi til gode. \n<br><br>\nDr\u00f8mmer du at k\u00f8re p\u00e5 hundesl\u00e6de i Gr\u00f8nland, er Ittoqqortoormiit\/Scoresby Sund et glimrende valg. Udover hundesl\u00e6dek\u00f8rsel tilbyder Nanu Travel kajaksejlads, overlevelsestr\u00e6ning, arktisk trof\u00e6jagt, arktiske ekspeditioner, turer for at se arktisk dyreliv samt vandreture. \u200b\n\n\u200b<br><br>\n\nNanu Travel hj\u00e6lper dig gerne med din turplanl\u00e6gning, leje af udstyr og g\u00f8r dine vildeste ekspeditionsdr\u00f8mme til virkelighed.\t\t\t\t\t<\/div>\n\t\t\t\t\n\t\t\t\t\t\t\t\t\t<div class=\"elementor-cta__button-wrapper elementor-cta__content-item elementor-content-item \">\n\t\t\t\t\t<a class=\"elementor-cta__button elementor-button elementor-size-\" href=\"https:\/\/nanutravel.dk\/\" target=\"_blank\">\n\t\t\t\t\t\tG\u00e5 til website\t\t\t\t\t<\/a>\n\t\t\t\t\t<\/div>\n\t\t\t\t\t\t\t<\/div>\n\t\t\t\t\t\t<\/div>\n\t\t\t\t<\/div>\n\t\t\t\t<\/div>\n\t\t\t\t\t<\/div>\n\t\t<\/div>\n\t\t\t\t<div class=\"elementor-column elementor-col-50 elementor-inner-column elementor-element elementor-element-61d4b80\" data-id=\"61d4b80\" data-element_type=\"column\">\n\t\t\t<div class=\"elementor-widget-wrap\">\n\t\t\t\t\t\t\t<\/div>\n\t\t<\/div>\n\t\t\t\t\t<\/div>\n\t\t<\/section>\n\t\t\t\t\t<\/div>\n\t\t<\/div>\n\t\t\t\t\t<\/div>\n\t\t<\/section>\n\t\t\t\t<section class=\"elementor-section elementor-top-section elementor-element elementor-element-42f4c248 elementor-section-boxed elementor-section-height-default elementor-section-height-default\" data-id=\"42f4c248\" data-element_type=\"section\" data-settings=\"{&quot;background_background&quot;:&quot;classic&quot;}\">\n\t\t\t\t\t\t<div class=\"elementor-container elementor-column-gap-default\">\n\t\t\t\t\t<div class=\"elementor-column elementor-col-100 elementor-top-column elementor-element elementor-element-428e9ff1\" data-id=\"428e9ff1\" data-element_type=\"column\">\n\t\t\t<div class=\"elementor-widget-wrap elementor-element-populated\">\n\t\t\t\t\t\t<div class=\"elementor-element elementor-element-546e4045 elementor-align-left elementor-widget elementor-widget-global elementor-global-2365 elementor-widget-button\" data-id=\"546e4045\" data-element_type=\"widget\" data-widget_type=\"button.default\">\n\t\t\t\t<div class=\"elementor-widget-container\">\n\t\t\t\t\t\t\t<div class=\"elementor-button-wrapper\">\n\t\t\t\t\t<a class=\"elementor-button elementor-button-link elementor-size-sm\" href=\"https:\/\/taavani.gl\/destinationer\/\">\n\t\t\t\t\t\t<span class=\"elementor-button-content-wrapper\">\n\t\t\t\t\t\t<span class=\"elementor-button-icon\">\n\t\t\t\t<i aria-hidden=\"true\" class=\"fas fa-long-arrow-alt-left\"><\/i>\t\t\t<\/span>\n\t\t\t\t\t\t\t\t\t<span class=\"elementor-button-text\">Tilbage til destinationer<\/span>\n\t\t\t\t\t<\/span>\n\t\t\t\t\t<\/a>\n\t\t\t\t<\/div>\n\t\t\t\t\t\t<\/div>\n\t\t\t\t<\/div>\n\t\t\t\t\t<\/div>\n\t\t<\/div>\n\t\t\t\t\t<\/div>\n\t\t<\/section>\n\t\t\t\t<\/div>\n\t\t","protected":false},"excerpt":{"rendered":"<p>Nationalparken Nationalparken Gr\u00f8nlands Nationalpark er med sine 972.000 kvadratkilometer verdens st\u00f8rste. Her er der god plads til at de ca. 40 indbyggere og det rige dyreliv kan boltre sig.\u00a0\u00a0 Nationalparken omfatter hele den nord\u00f8stlige del af Gr\u00f8nland nord for Ittoqqortoormiit og str\u00e6kker sig fra Knud Rasmussens land i nord til Mesters Vig i \u00f8st. St\u00f8rste [&hellip;]<\/p>\n","protected":false},"author":1,"featured_media":0,"parent":0,"menu_order":0,"comment_status":"closed","ping_status":"closed","template":"","meta":{"_monsterinsights_skip_tracking":false,"_monsterinsights_sitenote_active":false,"_monsterinsights_sitenote_note":"","_monsterinsights_sitenote_category":0,"site-sidebar-layout":"no-sidebar","site-content-layout":"page-builder","ast-site-content-layout":"","site-content-style":"default","site-sidebar-style":"default","ast-global-header-display":"","ast-banner-title-visibility":"","ast-main-header-display":"","ast-hfb-above-header-display":"","ast-hfb-below-header-display":"","ast-hfb-mobile-header-display":"","site-post-title":"disabled","ast-breadcrumbs-content":"","ast-featured-img":"disabled","footer-sml-layout":"","theme-transparent-header-meta":"enabled","adv-header-id-meta":"","stick-header-meta":"","header-above-stick-meta":"","header-main-stick-meta":"","header-below-stick-meta":"","astra-migrate-meta-layouts":"default","ast-page-background-enabled":"default","ast-page-background-meta":{"desktop":{"background-color":"","background-image":"","background-repeat":"repeat","background-position":"center center","background-size":"auto","background-attachment":"scroll","background-type":"","background-media":"","overlay-type":"","overlay-color":"","overlay-opacity":"","overlay-gradient":""},"tablet":{"background-color":"","background-image":"","background-repeat":"repeat","background-position":"center center","background-size":"auto","background-attachment":"scroll","background-type":"","background-media":"","overlay-type":"","overlay-color":"","overlay-opacity":"","overlay-gradient":""},"mobile":{"background-color":"","background-image":"","background-repeat":"repeat","background-position":"center center","background-size":"auto","background-attachment":"scroll","background-type":"","background-media":"","overlay-type":"","overlay-color":"","overlay-opacity":"","overlay-gradient":""}},"ast-content-background-meta":{"desktop":{"background-color":"var(--ast-global-color-5)","background-image":"","background-repeat":"repeat","background-position":"center center","background-size":"auto","background-attachment":"scroll","background-type":"","background-media":"","overlay-type":"","overlay-color":"","overlay-opacity":"","overlay-gradient":""},"tablet":{"background-color":"var(--ast-global-color-5)","background-image":"","background-repeat":"repeat","background-position":"center center","background-size":"auto","background-attachment":"scroll","background-type":"","background-media":"","overlay-type":"","overlay-color":"","overlay-opacity":"","overlay-gradient":""},"mobile":{"background-color":"var(--ast-global-color-5)","background-image":"","background-repeat":"repeat","background-position":"center center","background-size":"auto","background-attachment":"scroll","background-type":"","background-media":"","overlay-type":"","overlay-color":"","overlay-opacity":"","overlay-gradient":""}},"footnotes":""},"class_list":["post-2169","page","type-page","status-publish","hentry"],"yoast_head":"<!-- This site is optimized with the Yoast SEO plugin v23.9 - https:\/\/yoast.com\/wordpress\/plugins\/seo\/ -->\n<title>Nationalparken - Taavani<\/title>\n<meta name=\"robots\" content=\"index, follow, max-snippet:-1, max-image-preview:large, max-video-preview:-1\" \/>\n<link rel=\"canonical\" href=\"https:\/\/taavani.gl\/da\/nationalparken\/\" \/>\n<meta property=\"og:locale\" content=\"da_DK\" \/>\n<meta property=\"og:type\" content=\"article\" \/>\n<meta property=\"og:title\" content=\"Nationalparken - Taavani\" \/>\n<meta property=\"og:description\" content=\"Nationalparken Nationalparken Gr\u00f8nlands Nationalpark er med sine 972.000 kvadratkilometer verdens st\u00f8rste. Her er der god plads til at de ca. 40 indbyggere og det rige dyreliv kan boltre sig.\u00a0\u00a0 Nationalparken omfatter hele den nord\u00f8stlige del af Gr\u00f8nland nord for Ittoqqortoormiit og str\u00e6kker sig fra Knud Rasmussens land i nord til Mesters Vig i \u00f8st. St\u00f8rste [&hellip;]\" \/>\n<meta property=\"og:url\" content=\"https:\/\/taavani.gl\/da\/nationalparken\/\" \/>\n<meta property=\"og:site_name\" content=\"Taavani\" \/>\n<meta property=\"article:publisher\" content=\"https:\/\/www.facebook.com\/TaavaniApS\/\" \/>\n<meta property=\"article:modified_time\" content=\"2023-10-11T07:46:00+00:00\" \/>\n<meta name=\"twitter:card\" content=\"summary_large_image\" \/>\n<meta name=\"twitter:label1\" content=\"Estimeret l\u00e6setid\" \/>\n\t<meta name=\"twitter:data1\" content=\"2 minutter\" \/>\n<script type=\"application\/ld+json\" class=\"yoast-schema-graph\">{\"@context\":\"https:\/\/schema.org\",\"@graph\":[{\"@type\":\"WebPage\",\"@id\":\"https:\/\/taavani.gl\/da\/nationalparken\/\",\"url\":\"https:\/\/taavani.gl\/da\/nationalparken\/\",\"name\":\"Nationalparken - Taavani\",\"isPartOf\":{\"@id\":\"https:\/\/taavani.gl\/#website\"},\"datePublished\":\"2023-06-01T11:15:00+00:00\",\"dateModified\":\"2023-10-11T07:46:00+00:00\",\"breadcrumb\":{\"@id\":\"https:\/\/taavani.gl\/da\/nationalparken\/#breadcrumb\"},\"inLanguage\":\"da-DK\",\"potentialAction\":[{\"@type\":\"ReadAction\",\"target\":[\"https:\/\/taavani.gl\/da\/nationalparken\/\"]}]},{\"@type\":\"BreadcrumbList\",\"@id\":\"https:\/\/taavani.gl\/da\/nationalparken\/#breadcrumb\",\"itemListElement\":[{\"@type\":\"ListItem\",\"position\":1,\"name\":\"Home\",\"item\":\"https:\/\/taavani.gl\/da\/forside\/\"},{\"@type\":\"ListItem\",\"position\":2,\"name\":\"Nationalparken\"}]},{\"@type\":\"WebSite\",\"@id\":\"https:\/\/taavani.gl\/#website\",\"url\":\"https:\/\/taavani.gl\/\",\"name\":\"Taavani\",\"description\":\"\",\"potentialAction\":[{\"@type\":\"SearchAction\",\"target\":{\"@type\":\"EntryPoint\",\"urlTemplate\":\"https:\/\/taavani.gl\/?s={search_term_string}\"},\"query-input\":{\"@type\":\"PropertyValueSpecification\",\"valueRequired\":true,\"valueName\":\"search_term_string\"}}],\"inLanguage\":\"da-DK\"}]}<\/script>\n<!-- \/ Yoast SEO plugin. -->","yoast_head_json":{"title":"Nationalparken - Taavani","robots":{"index":"index","follow":"follow","max-snippet":"max-snippet:-1","max-image-preview":"max-image-preview:large","max-video-preview":"max-video-preview:-1"},"canonical":"https:\/\/taavani.gl\/da\/nationalparken\/","og_locale":"da_DK","og_type":"article","og_title":"Nationalparken - Taavani","og_description":"Nationalparken Nationalparken Gr\u00f8nlands Nationalpark er med sine 972.000 kvadratkilometer verdens st\u00f8rste. Her er der god plads til at de ca. 40 indbyggere og det rige dyreliv kan boltre sig.\u00a0\u00a0 Nationalparken omfatter hele den nord\u00f8stlige del af Gr\u00f8nland nord for Ittoqqortoormiit og str\u00e6kker sig fra Knud Rasmussens land i nord til Mesters Vig i \u00f8st. St\u00f8rste [&hellip;]","og_url":"https:\/\/taavani.gl\/da\/nationalparken\/","og_site_name":"Taavani","article_publisher":"https:\/\/www.facebook.com\/TaavaniApS\/","article_modified_time":"2023-10-11T07:46:00+00:00","twitter_card":"summary_large_image","twitter_misc":{"Estimeret l\u00e6setid":"2 minutter"},"schema":{"@context":"https:\/\/schema.org","@graph":[{"@type":"WebPage","@id":"https:\/\/taavani.gl\/da\/nationalparken\/","url":"https:\/\/taavani.gl\/da\/nationalparken\/","name":"Nationalparken - Taavani","isPartOf":{"@id":"https:\/\/taavani.gl\/#website"},"datePublished":"2023-06-01T11:15:00+00:00","dateModified":"2023-10-11T07:46:00+00:00","breadcrumb":{"@id":"https:\/\/taavani.gl\/da\/nationalparken\/#breadcrumb"},"inLanguage":"da-DK","potentialAction":[{"@type":"ReadAction","target":["https:\/\/taavani.gl\/da\/nationalparken\/"]}]},{"@type":"BreadcrumbList","@id":"https:\/\/taavani.gl\/da\/nationalparken\/#breadcrumb","itemListElement":[{"@type":"ListItem","position":1,"name":"Home","item":"https:\/\/taavani.gl\/da\/forside\/"},{"@type":"ListItem","position":2,"name":"Nationalparken"}]},{"@type":"WebSite","@id":"https:\/\/taavani.gl\/#website","url":"https:\/\/taavani.gl\/","name":"Taavani","description":"","potentialAction":[{"@type":"SearchAction","target":{"@type":"EntryPoint","urlTemplate":"https:\/\/taavani.gl\/?s={search_term_string}"},"query-input":{"@type":"PropertyValueSpecification","valueRequired":true,"valueName":"search_term_string"}}],"inLanguage":"da-DK"}]}},"_links":{"self":[{"href":"https:\/\/taavani.gl\/da\/wp-json\/wp\/v2\/pages\/2169","targetHints":{"allow":["GET"]}}],"collection":[{"href":"https:\/\/taavani.gl\/da\/wp-json\/wp\/v2\/pages"}],"about":[{"href":"https:\/\/taavani.gl\/da\/wp-json\/wp\/v2\/types\/page"}],"author":[{"embeddable":true,"href":"https:\/\/taavani.gl\/da\/wp-json\/wp\/v2\/users\/1"}],"replies":[{"embeddable":true,"href":"https:\/\/taavani.gl\/da\/wp-json\/wp\/v2\/comments?post=2169"}],"version-history":[{"count":49,"href":"https:\/\/taavani.gl\/da\/wp-json\/wp\/v2\/pages\/2169\/revisions"}],"predecessor-version":[{"id":3527,"href":"https:\/\/taavani.gl\/da\/wp-json\/wp\/v2\/pages\/2169\/revisions\/3527"}],"wp:attachment":[{"href":"https:\/\/taavani.gl\/da\/wp-json\/wp\/v2\/media?parent=2169"}],"curies":[{"name":"wp","href":"https:\/\/api.w.org\/{rel}","templated":true}]}}