{"id":4646,"date":"2023-12-15T10:53:18","date_gmt":"2023-12-15T10:53:18","guid":{"rendered":"https:\/\/taavani.gl\/?page_id=4646"},"modified":"2023-12-15T13:24:05","modified_gmt":"2023-12-15T13:24:05","slug":"mice","status":"publish","type":"page","link":"https:\/\/taavani.gl\/da\/mice\/","title":{"rendered":"MICE"},"content":{"rendered":"\t\t<div data-elementor-type=\"wp-post\" data-elementor-id=\"4646\" class=\"elementor elementor-4646 elementor-4645\" data-elementor-post-type=\"page\">\n\t\t\t\t\t\t<section class=\"elementor-section elementor-top-section elementor-element elementor-element-33a79095 elementor-section-boxed elementor-section-height-default elementor-section-height-default\" data-id=\"33a79095\" data-element_type=\"section\" data-settings=\"{&quot;background_background&quot;:&quot;classic&quot;}\">\n\t\t\t\t\t\t\t<div class=\"elementor-background-overlay\"><\/div>\n\t\t\t\t\t\t\t<div class=\"elementor-container elementor-column-gap-default\">\n\t\t\t\t\t<div class=\"elementor-column elementor-col-100 elementor-top-column elementor-element elementor-element-3706530d\" data-id=\"3706530d\" data-element_type=\"column\">\n\t\t\t<div class=\"elementor-widget-wrap elementor-element-populated\">\n\t\t\t\t\t\t<div class=\"elementor-element elementor-element-537de1f elementor-widget elementor-widget-heading\" data-id=\"537de1f\" data-element_type=\"widget\" data-widget_type=\"heading.default\">\n\t\t\t\t<div class=\"elementor-widget-container\">\n\t\t\t<h1 class=\"elementor-heading-title elementor-size-default\">MICE muligheder i Gr\u00f8nland. \n<\/h1>\t\t<\/div>\n\t\t\t\t<\/div>\n\t\t\t\t\t<\/div>\n\t\t<\/div>\n\t\t\t\t\t<\/div>\n\t\t<\/section>\n\t\t\t\t<section class=\"elementor-section elementor-top-section elementor-element elementor-element-704f61ea elementor-section-boxed elementor-section-height-default elementor-section-height-default\" data-id=\"704f61ea\" data-element_type=\"section\" data-settings=\"{&quot;background_background&quot;:&quot;classic&quot;}\">\n\t\t\t\t\t\t<div class=\"elementor-container elementor-column-gap-default\">\n\t\t\t\t\t<div class=\"elementor-column elementor-col-100 elementor-top-column elementor-element elementor-element-bc10120\" data-id=\"bc10120\" data-element_type=\"column\">\n\t\t\t<div class=\"elementor-widget-wrap elementor-element-populated\">\n\t\t\t\t\t\t<div class=\"elementor-element elementor-element-49cdd78 elementor-widget elementor-widget-text-editor\" data-id=\"49cdd78\" data-element_type=\"widget\" data-widget_type=\"text-editor.default\">\n\t\t\t\t<div class=\"elementor-widget-container\">\n\t\t\t\t\t\t\t<p class=\"zw-paragraph\" style=\"text-align: left;\" data-linerule=\"auto\" data-line-height=\"1.0791666666666666\" data-margin-bottom=\"8.0pt\" data-doc-id=\"1641621000001154050\" data-doc-type=\"writer\">Hos Taavani hj\u00e6lper vi dig gerne med at planl\u00e6gge dit n\u00e6ste m\u00f8de, incitament, konference eller event i Gr\u00f8nland. Rejser du til Gr\u00f8nland fra udlandet eller er der tale om interne konferencer, m\u00f8der eller events, s\u00e5 hj\u00e6lper vi dig gerne.<\/p><p class=\"zw-paragraph\" style=\"text-align: left;\" data-linerule=\"auto\" data-line-height=\"1.0791666666666666\" data-margin-bottom=\"8.0pt\">Vi har et st\u00e6rkt samarbejde med hoteller og konference steder rundt om i Gr\u00f8nland, som alle er klar til at im\u00f8dekomme dine behov og krav.<\/p><p class=\"zw-paragraph\" style=\"text-align: left;\" data-linerule=\"auto\" data-line-height=\"1.0791666666666666\" data-margin-bottom=\"8.0pt\">Vi har etableret et s\u00e6rligt st\u00e6rkt samarbejde med Hotel Arctic, Gr\u00f8nlands eneste 5-stjernet konferencested. L\u00e6s mere om mulighederne med Hotel Arctic og Taavani <a href=\"https:\/\/docs.zoho.eu\/ws\/project\/file\/2qem77cf400ad083f4654a832170854e612bb\">her<\/a>.<\/p><p class=\"zw-paragraph\" style=\"text-align: left;\" data-linerule=\"auto\" data-line-height=\"1.0791666666666666\" data-margin-bottom=\"8.0pt\" data-doc-id=\"1641621000001154050\" data-doc-type=\"writer\">Eller kontakt os for at l\u00e6re mere om, hvordan vi kan im\u00f8dekomme dine specifikke \u00f8nsker og krav til et MICE arrangement i Gr\u00f8nland.<\/p>\t\t\t\t\t\t<\/div>\n\t\t\t\t<\/div>\n\t\t\t\t\t<\/div>\n\t\t<\/div>\n\t\t\t\t\t<\/div>\n\t\t<\/section>\n\t\t\t\t<section class=\"elementor-section elementor-top-section elementor-element elementor-element-6cb6d25 elementor-section-boxed elementor-section-height-default elementor-section-height-default\" data-id=\"6cb6d25\" data-element_type=\"section\">\n\t\t\t\t\t\t<div class=\"elementor-container elementor-column-gap-default\">\n\t\t\t\t\t<div class=\"elementor-column elementor-col-100 elementor-top-column elementor-element elementor-element-99514e4\" data-id=\"99514e4\" data-element_type=\"column\">\n\t\t\t<div class=\"elementor-widget-wrap elementor-element-populated\">\n\t\t\t\t\t\t<div class=\"elementor-element elementor-element-383267a elementor-widget elementor-widget-image\" data-id=\"383267a\" data-element_type=\"widget\" data-widget_type=\"image.default\">\n\t\t\t\t<div class=\"elementor-widget-container\">\n\t\t\t\t\t\t\t\t\t\t\t\t\t\t<a href=\"https:\/\/taavani.gl\/wp-content\/uploads\/2023\/03\/20200824_133900-scaled.jpg\" data-elementor-open-lightbox=\"yes\" data-elementor-lightbox-title=\"20200824_133900\" data-e-action-hash=\"#elementor-action%3Aaction%3Dlightbox%26settings%3DeyJpZCI6NTk1LCJ1cmwiOiJodHRwczpcL1wvdGFhdmFuaS5nbFwvd3AtY29udGVudFwvdXBsb2Fkc1wvMjAyM1wvMDNcLzIwMjAwODI0XzEzMzkwMC1zY2FsZWQuanBnIn0%3D\">\n\t\t\t\t\t\t\t<img fetchpriority=\"high\" decoding=\"async\" width=\"2560\" height=\"1211\" src=\"https:\/\/taavani.gl\/wp-content\/uploads\/2023\/03\/20200824_133900-scaled.jpg\" class=\"elementor-animation-grow attachment-full size-full wp-image-595\" alt=\"\" srcset=\"https:\/\/taavani.gl\/wp-content\/uploads\/2023\/03\/20200824_133900-scaled.jpg 2560w, https:\/\/taavani.gl\/wp-content\/uploads\/2023\/03\/20200824_133900-300x142.jpg 300w, https:\/\/taavani.gl\/wp-content\/uploads\/2023\/03\/20200824_133900-1024x485.jpg 1024w, https:\/\/taavani.gl\/wp-content\/uploads\/2023\/03\/20200824_133900-768x363.jpg 768w, https:\/\/taavani.gl\/wp-content\/uploads\/2023\/03\/20200824_133900-1536x727.jpg 1536w, https:\/\/taavani.gl\/wp-content\/uploads\/2023\/03\/20200824_133900-2048x969.jpg 2048w\" sizes=\"(max-width: 2560px) 100vw, 2560px\" \/>\t\t\t\t\t\t\t\t<\/a>\n\t\t\t\t\t\t\t\t\t\t\t\t\t<\/div>\n\t\t\t\t<\/div>\n\t\t\t\t\t<\/div>\n\t\t<\/div>\n\t\t\t\t\t<\/div>\n\t\t<\/section>\n\t\t\t\t<section class=\"elementor-section elementor-top-section elementor-element elementor-element-6184351 elementor-section-boxed elementor-section-height-default elementor-section-height-default\" data-id=\"6184351\" data-element_type=\"section\" data-settings=\"{&quot;background_background&quot;:&quot;classic&quot;}\">\n\t\t\t\t\t\t<div class=\"elementor-container elementor-column-gap-default\">\n\t\t\t\t\t<div class=\"elementor-column elementor-col-100 elementor-top-column elementor-element elementor-element-31f92c69\" data-id=\"31f92c69\" data-element_type=\"column\">\n\t\t\t<div class=\"elementor-widget-wrap elementor-element-populated\">\n\t\t\t\t\t\t<div class=\"elementor-element elementor-element-e017527 elementor-widget elementor-widget-heading\" data-id=\"e017527\" data-element_type=\"widget\" data-widget_type=\"heading.default\">\n\t\t\t\t<div class=\"elementor-widget-container\">\n\t\t\t<h3 class=\"elementor-heading-title elementor-size-default\"><a href=\"https:\/\/taavani.gl\/da\/kontakt\/\">Inuussutissarsiortunut sullissinerput paasisaqarfiginerorusukkukku attaveqarfigitigut.<\/a><\/h3>\t\t<\/div>\n\t\t\t\t<\/div>\n\t\t\t\t\t<\/div>\n\t\t<\/div>\n\t\t\t\t\t<\/div>\n\t\t<\/section>\n\t\t\t\t<\/div>\n\t\t","protected":false},"excerpt":{"rendered":"<p>MICE muligheder i Gr\u00f8nland. Hos Taavani hj\u00e6lper vi dig gerne med at planl\u00e6gge dit n\u00e6ste m\u00f8de, incitament, konference eller event i Gr\u00f8nland. Rejser du til Gr\u00f8nland fra udlandet eller er der tale om interne konferencer, m\u00f8der eller events, s\u00e5 hj\u00e6lper vi dig gerne. Vi har et st\u00e6rkt samarbejde med hoteller og konference steder rundt om [&hellip;]<\/p>\n","protected":false},"author":1,"featured_media":0,"parent":0,"menu_order":0,"comment_status":"closed","ping_status":"closed","template":"","meta":{"_monsterinsights_skip_tracking":false,"_monsterinsights_sitenote_active":false,"_monsterinsights_sitenote_note":"","_monsterinsights_sitenote_category":0,"site-sidebar-layout":"no-sidebar","site-content-layout":"page-builder","ast-site-content-layout":"full-width-container","site-content-style":"unboxed","site-sidebar-style":"unboxed","ast-global-header-display":"","ast-banner-title-visibility":"","ast-main-header-display":"","ast-hfb-above-header-display":"","ast-hfb-below-header-display":"","ast-hfb-mobile-header-display":"","site-post-title":"disabled","ast-breadcrumbs-content":"","ast-featured-img":"disabled","footer-sml-layout":"","theme-transparent-header-meta":"enabled","adv-header-id-meta":"","stick-header-meta":"","header-above-stick-meta":"","header-main-stick-meta":"","header-below-stick-meta":"","astra-migrate-meta-layouts":"default","ast-page-background-enabled":"default","ast-page-background-meta":{"desktop":{"background-color":"","background-image":"","background-repeat":"repeat","background-position":"center center","background-size":"auto","background-attachment":"scroll","background-type":"","background-media":"","overlay-type":"","overlay-color":"","overlay-opacity":"","overlay-gradient":""},"tablet":{"background-color":"","background-image":"","background-repeat":"repeat","background-position":"center center","background-size":"auto","background-attachment":"scroll","background-type":"","background-media":"","overlay-type":"","overlay-color":"","overlay-opacity":"","overlay-gradient":""},"mobile":{"background-color":"","background-image":"","background-repeat":"repeat","background-position":"center center","background-size":"auto","background-attachment":"scroll","background-type":"","background-media":"","overlay-type":"","overlay-color":"","overlay-opacity":"","overlay-gradient":""}},"ast-content-background-meta":{"desktop":{"background-color":"var(--ast-global-color-5)","background-image":"","background-repeat":"repeat","background-position":"center center","background-size":"auto","background-attachment":"scroll","background-type":"","background-media":"","overlay-type":"","overlay-color":"","overlay-opacity":"","overlay-gradient":""},"tablet":{"background-color":"var(--ast-global-color-5)","background-image":"","background-repeat":"repeat","background-position":"center center","background-size":"auto","background-attachment":"scroll","background-type":"","background-media":"","overlay-type":"","overlay-color":"","overlay-opacity":"","overlay-gradient":""},"mobile":{"background-color":"var(--ast-global-color-5)","background-image":"","background-repeat":"repeat","background-position":"center center","background-size":"auto","background-attachment":"scroll","background-type":"","background-media":"","overlay-type":"","overlay-color":"","overlay-opacity":"","overlay-gradient":""}},"footnotes":""},"class_list":["post-4646","page","type-page","status-publish","hentry"],"yoast_head":"<!-- This site is optimized with the Yoast SEO plugin v23.9 - https:\/\/yoast.com\/wordpress\/plugins\/seo\/ -->\n<title>MICE - Taavani<\/title>\n<meta name=\"robots\" content=\"index, follow, max-snippet:-1, max-image-preview:large, max-video-preview:-1\" \/>\n<link rel=\"canonical\" href=\"https:\/\/taavani.gl\/da\/mice\/\" \/>\n<meta property=\"og:locale\" content=\"da_DK\" \/>\n<meta property=\"og:type\" content=\"article\" \/>\n<meta property=\"og:title\" content=\"MICE - Taavani\" \/>\n<meta property=\"og:description\" content=\"MICE muligheder i Gr\u00f8nland. Hos Taavani hj\u00e6lper vi dig gerne med at planl\u00e6gge dit n\u00e6ste m\u00f8de, incitament, konference eller event i Gr\u00f8nland. Rejser du til Gr\u00f8nland fra udlandet eller er der tale om interne konferencer, m\u00f8der eller events, s\u00e5 hj\u00e6lper vi dig gerne. Vi har et st\u00e6rkt samarbejde med hoteller og konference steder rundt om [&hellip;]\" \/>\n<meta property=\"og:url\" content=\"https:\/\/taavani.gl\/da\/mice\/\" \/>\n<meta property=\"og:site_name\" content=\"Taavani\" \/>\n<meta property=\"article:publisher\" content=\"https:\/\/www.facebook.com\/TaavaniApS\/\" \/>\n<meta property=\"article:modified_time\" content=\"2023-12-15T13:24:05+00:00\" \/>\n<meta property=\"og:image\" content=\"https:\/\/taavani.gl\/wp-content\/uploads\/2023\/03\/20200824_133900-scaled.jpg\" \/>\n\t<meta property=\"og:image:width\" content=\"2560\" \/>\n\t<meta property=\"og:image:height\" content=\"1211\" \/>\n\t<meta property=\"og:image:type\" content=\"image\/jpeg\" \/>\n<meta name=\"twitter:card\" content=\"summary_large_image\" \/>\n<meta name=\"twitter:label1\" content=\"Estimeret l\u00e6setid\" \/>\n\t<meta name=\"twitter:data1\" content=\"2 minutter\" \/>\n<script type=\"application\/ld+json\" class=\"yoast-schema-graph\">{\"@context\":\"https:\/\/schema.org\",\"@graph\":[{\"@type\":\"WebPage\",\"@id\":\"https:\/\/taavani.gl\/da\/mice\/\",\"url\":\"https:\/\/taavani.gl\/da\/mice\/\",\"name\":\"MICE - Taavani\",\"isPartOf\":{\"@id\":\"https:\/\/taavani.gl\/#website\"},\"primaryImageOfPage\":{\"@id\":\"https:\/\/taavani.gl\/da\/mice\/#primaryimage\"},\"image\":{\"@id\":\"https:\/\/taavani.gl\/da\/mice\/#primaryimage\"},\"thumbnailUrl\":\"https:\/\/taavani.gl\/wp-content\/uploads\/2023\/03\/20200824_133900-scaled.jpg\",\"datePublished\":\"2023-12-15T10:53:18+00:00\",\"dateModified\":\"2023-12-15T13:24:05+00:00\",\"breadcrumb\":{\"@id\":\"https:\/\/taavani.gl\/da\/mice\/#breadcrumb\"},\"inLanguage\":\"da-DK\",\"potentialAction\":[{\"@type\":\"ReadAction\",\"target\":[\"https:\/\/taavani.gl\/da\/mice\/\"]}]},{\"@type\":\"ImageObject\",\"inLanguage\":\"da-DK\",\"@id\":\"https:\/\/taavani.gl\/da\/mice\/#primaryimage\",\"url\":\"https:\/\/taavani.gl\/wp-content\/uploads\/2023\/03\/20200824_133900-scaled.jpg\",\"contentUrl\":\"https:\/\/taavani.gl\/wp-content\/uploads\/2023\/03\/20200824_133900-scaled.jpg\"},{\"@type\":\"BreadcrumbList\",\"@id\":\"https:\/\/taavani.gl\/da\/mice\/#breadcrumb\",\"itemListElement\":[{\"@type\":\"ListItem\",\"position\":1,\"name\":\"Home\",\"item\":\"https:\/\/taavani.gl\/da\/forside\/\"},{\"@type\":\"ListItem\",\"position\":2,\"name\":\"MICE\"}]},{\"@type\":\"WebSite\",\"@id\":\"https:\/\/taavani.gl\/#website\",\"url\":\"https:\/\/taavani.gl\/\",\"name\":\"Taavani\",\"description\":\"\",\"potentialAction\":[{\"@type\":\"SearchAction\",\"target\":{\"@type\":\"EntryPoint\",\"urlTemplate\":\"https:\/\/taavani.gl\/?s={search_term_string}\"},\"query-input\":{\"@type\":\"PropertyValueSpecification\",\"valueRequired\":true,\"valueName\":\"search_term_string\"}}],\"inLanguage\":\"da-DK\"}]}<\/script>\n<!-- \/ Yoast SEO plugin. -->","yoast_head_json":{"title":"MICE - Taavani","robots":{"index":"index","follow":"follow","max-snippet":"max-snippet:-1","max-image-preview":"max-image-preview:large","max-video-preview":"max-video-preview:-1"},"canonical":"https:\/\/taavani.gl\/da\/mice\/","og_locale":"da_DK","og_type":"article","og_title":"MICE - Taavani","og_description":"MICE muligheder i Gr\u00f8nland. Hos Taavani hj\u00e6lper vi dig gerne med at planl\u00e6gge dit n\u00e6ste m\u00f8de, incitament, konference eller event i Gr\u00f8nland. Rejser du til Gr\u00f8nland fra udlandet eller er der tale om interne konferencer, m\u00f8der eller events, s\u00e5 hj\u00e6lper vi dig gerne. Vi har et st\u00e6rkt samarbejde med hoteller og konference steder rundt om [&hellip;]","og_url":"https:\/\/taavani.gl\/da\/mice\/","og_site_name":"Taavani","article_publisher":"https:\/\/www.facebook.com\/TaavaniApS\/","article_modified_time":"2023-12-15T13:24:05+00:00","og_image":[{"width":2560,"height":1211,"url":"https:\/\/taavani.gl\/wp-content\/uploads\/2023\/03\/20200824_133900-scaled.jpg","type":"image\/jpeg"}],"twitter_card":"summary_large_image","twitter_misc":{"Estimeret l\u00e6setid":"2 minutter"},"schema":{"@context":"https:\/\/schema.org","@graph":[{"@type":"WebPage","@id":"https:\/\/taavani.gl\/da\/mice\/","url":"https:\/\/taavani.gl\/da\/mice\/","name":"MICE - Taavani","isPartOf":{"@id":"https:\/\/taavani.gl\/#website"},"primaryImageOfPage":{"@id":"https:\/\/taavani.gl\/da\/mice\/#primaryimage"},"image":{"@id":"https:\/\/taavani.gl\/da\/mice\/#primaryimage"},"thumbnailUrl":"https:\/\/taavani.gl\/wp-content\/uploads\/2023\/03\/20200824_133900-scaled.jpg","datePublished":"2023-12-15T10:53:18+00:00","dateModified":"2023-12-15T13:24:05+00:00","breadcrumb":{"@id":"https:\/\/taavani.gl\/da\/mice\/#breadcrumb"},"inLanguage":"da-DK","potentialAction":[{"@type":"ReadAction","target":["https:\/\/taavani.gl\/da\/mice\/"]}]},{"@type":"ImageObject","inLanguage":"da-DK","@id":"https:\/\/taavani.gl\/da\/mice\/#primaryimage","url":"https:\/\/taavani.gl\/wp-content\/uploads\/2023\/03\/20200824_133900-scaled.jpg","contentUrl":"https:\/\/taavani.gl\/wp-content\/uploads\/2023\/03\/20200824_133900-scaled.jpg"},{"@type":"BreadcrumbList","@id":"https:\/\/taavani.gl\/da\/mice\/#breadcrumb","itemListElement":[{"@type":"ListItem","position":1,"name":"Home","item":"https:\/\/taavani.gl\/da\/forside\/"},{"@type":"ListItem","position":2,"name":"MICE"}]},{"@type":"WebSite","@id":"https:\/\/taavani.gl\/#website","url":"https:\/\/taavani.gl\/","name":"Taavani","description":"","potentialAction":[{"@type":"SearchAction","target":{"@type":"EntryPoint","urlTemplate":"https:\/\/taavani.gl\/?s={search_term_string}"},"query-input":{"@type":"PropertyValueSpecification","valueRequired":true,"valueName":"search_term_string"}}],"inLanguage":"da-DK"}]}},"_links":{"self":[{"href":"https:\/\/taavani.gl\/da\/wp-json\/wp\/v2\/pages\/4646","targetHints":{"allow":["GET"]}}],"collection":[{"href":"https:\/\/taavani.gl\/da\/wp-json\/wp\/v2\/pages"}],"about":[{"href":"https:\/\/taavani.gl\/da\/wp-json\/wp\/v2\/types\/page"}],"author":[{"embeddable":true,"href":"https:\/\/taavani.gl\/da\/wp-json\/wp\/v2\/users\/1"}],"replies":[{"embeddable":true,"href":"https:\/\/taavani.gl\/da\/wp-json\/wp\/v2\/comments?post=4646"}],"version-history":[{"count":15,"href":"https:\/\/taavani.gl\/da\/wp-json\/wp\/v2\/pages\/4646\/revisions"}],"predecessor-version":[{"id":4718,"href":"https:\/\/taavani.gl\/da\/wp-json\/wp\/v2\/pages\/4646\/revisions\/4718"}],"wp:attachment":[{"href":"https:\/\/taavani.gl\/da\/wp-json\/wp\/v2\/media?parent=4646"}],"curies":[{"name":"wp","href":"https:\/\/api.w.org\/{rel}","templated":true}]}}