{"id":741,"date":"2023-04-12T08:11:52","date_gmt":"2023-04-12T08:11:52","guid":{"rendered":"https:\/\/taavani.awork21.dk\/?page_id=741"},"modified":"2023-04-12T13:01:44","modified_gmt":"2023-04-12T13:01:44","slug":"login-til-bookingportal","status":"publish","type":"page","link":"https:\/\/taavani.gl\/da\/login-til-bookingportal\/","title":{"rendered":"Login til bookingportal"},"content":{"rendered":"\t\t<div data-elementor-type=\"wp-post\" data-elementor-id=\"741\" class=\"elementor elementor-741\" data-elementor-post-type=\"page\">\n\t\t\t\t\t\t<section class=\"elementor-section elementor-top-section elementor-element elementor-element-33a79095 elementor-section-boxed elementor-section-height-default elementor-section-height-default\" data-id=\"33a79095\" data-element_type=\"section\" data-settings=\"{&quot;background_background&quot;:&quot;classic&quot;}\">\n\t\t\t\t\t\t\t<div class=\"elementor-background-overlay\"><\/div>\n\t\t\t\t\t\t\t<div class=\"elementor-container elementor-column-gap-default\">\n\t\t\t\t\t<div class=\"elementor-column elementor-col-100 elementor-top-column elementor-element elementor-element-3706530d\" data-id=\"3706530d\" data-element_type=\"column\">\n\t\t\t<div class=\"elementor-widget-wrap elementor-element-populated\">\n\t\t\t\t\t\t<div class=\"elementor-element elementor-element-537de1f elementor-widget elementor-widget-heading\" data-id=\"537de1f\" data-element_type=\"widget\" data-widget_type=\"heading.default\">\n\t\t\t\t<div class=\"elementor-widget-container\">\n\t\t\t<h1 class=\"elementor-heading-title elementor-size-default\">Login til bookingportal<\/h1>\t\t<\/div>\n\t\t\t\t<\/div>\n\t\t\t\t\t<\/div>\n\t\t<\/div>\n\t\t\t\t\t<\/div>\n\t\t<\/section>\n\t\t\t\t<section class=\"elementor-section elementor-top-section elementor-element elementor-element-4456cbd9 elementor-section-boxed elementor-section-height-default elementor-section-height-default\" data-id=\"4456cbd9\" data-element_type=\"section\">\n\t\t\t\t\t\t<div class=\"elementor-container elementor-column-gap-default\">\n\t\t\t\t\t<div class=\"elementor-column elementor-col-100 elementor-top-column elementor-element elementor-element-786ce476\" data-id=\"786ce476\" data-element_type=\"column\">\n\t\t\t<div class=\"elementor-widget-wrap elementor-element-populated\">\n\t\t\t\t\t\t<div class=\"elementor-element elementor-element-6e9e1b07 elementor-widget-divider--view-line elementor-widget elementor-widget-divider\" data-id=\"6e9e1b07\" data-element_type=\"widget\" data-widget_type=\"divider.default\">\n\t\t\t\t<div class=\"elementor-widget-container\">\n\t\t\t\t\t<div class=\"elementor-divider\">\n\t\t\t<span class=\"elementor-divider-separator\">\n\t\t\t\t\t\t<\/span>\n\t\t<\/div>\n\t\t\t\t<\/div>\n\t\t\t\t<\/div>\n\t\t\t\t<div class=\"elementor-element elementor-element-41ace766 elementor-widget elementor-widget-text-editor\" data-id=\"41ace766\" data-element_type=\"widget\" data-widget_type=\"text-editor.default\">\n\t\t\t\t<div class=\"elementor-widget-container\">\n\t\t\t\t\t\t\t<p class=\"pp-pricing-table-subtitle\">Vi vil v\u00e6re den foretrukne gateway mellem turister, erhvervsrejsende samt rejseagenter og alle turoperat\u00f8rer i Gr\u00f8nland. Rejsende nu og i fremtiden vil have individuelle rejseplaner, en ubekymret rejse og lette betalingsmuligheder.<\/p>\t\t\t\t\t\t<\/div>\n\t\t\t\t<\/div>\n\t\t\t\t\t<\/div>\n\t\t<\/div>\n\t\t\t\t\t<\/div>\n\t\t<\/section>\n\t\t\t\t<section class=\"elementor-section elementor-inner-section elementor-element elementor-element-5a52c083 elementor-section-boxed elementor-section-height-default elementor-section-height-default\" data-id=\"5a52c083\" data-element_type=\"section\">\n\t\t\t\t\t\t<div class=\"elementor-container elementor-column-gap-default\">\n\t\t\t\t\t<div class=\"elementor-column elementor-col-100 elementor-inner-column elementor-element elementor-element-6725693a\" data-id=\"6725693a\" data-element_type=\"column\">\n\t\t\t<div class=\"elementor-widget-wrap elementor-element-populated\">\n\t\t\t\t\t\t<div class=\"elementor-element elementor-element-5aa786cd elementor-widget elementor-widget-image\" data-id=\"5aa786cd\" data-element_type=\"widget\" data-widget_type=\"image.default\">\n\t\t\t\t<div class=\"elementor-widget-container\">\n\t\t\t\t\t\t\t\t\t\t\t\t\t<img fetchpriority=\"high\" decoding=\"async\" width=\"1024\" height=\"485\" src=\"https:\/\/taavani.gl\/wp-content\/uploads\/2023\/03\/20200830_175957-1024x485.jpg\" class=\"attachment-large size-large wp-image-627\" alt=\"\" srcset=\"https:\/\/taavani.gl\/wp-content\/uploads\/2023\/03\/20200830_175957-1024x485.jpg 1024w, https:\/\/taavani.gl\/wp-content\/uploads\/2023\/03\/20200830_175957-300x142.jpg 300w, https:\/\/taavani.gl\/wp-content\/uploads\/2023\/03\/20200830_175957-768x363.jpg 768w, https:\/\/taavani.gl\/wp-content\/uploads\/2023\/03\/20200830_175957-1536x727.jpg 1536w, https:\/\/taavani.gl\/wp-content\/uploads\/2023\/03\/20200830_175957-2048x969.jpg 2048w\" sizes=\"(max-width: 1024px) 100vw, 1024px\" \/>\t\t\t\t\t\t\t\t\t\t\t\t\t<\/div>\n\t\t\t\t<\/div>\n\t\t\t\t\t<\/div>\n\t\t<\/div>\n\t\t\t\t\t<\/div>\n\t\t<\/section>\n\t\t\t\t<\/div>\n\t\t","protected":false},"excerpt":{"rendered":"<p>Login til bookingportal Vi vil v\u00e6re den foretrukne gateway mellem turister, erhvervsrejsende samt rejseagenter og alle turoperat\u00f8rer i Gr\u00f8nland. Rejsende nu og i fremtiden vil have individuelle rejseplaner, en ubekymret rejse og lette betalingsmuligheder.<\/p>\n","protected":false},"author":1,"featured_media":0,"parent":0,"menu_order":0,"comment_status":"closed","ping_status":"closed","template":"","meta":{"_monsterinsights_skip_tracking":false,"_monsterinsights_sitenote_active":false,"_monsterinsights_sitenote_note":"","_monsterinsights_sitenote_category":0,"site-sidebar-layout":"no-sidebar","site-content-layout":"page-builder","ast-site-content-layout":"","site-content-style":"default","site-sidebar-style":"default","ast-global-header-display":"","ast-banner-title-visibility":"","ast-main-header-display":"","ast-hfb-above-header-display":"","ast-hfb-below-header-display":"","ast-hfb-mobile-header-display":"","site-post-title":"disabled","ast-breadcrumbs-content":"","ast-featured-img":"disabled","footer-sml-layout":"","theme-transparent-header-meta":"enabled","adv-header-id-meta":"","stick-header-meta":"","header-above-stick-meta":"","header-main-stick-meta":"","header-below-stick-meta":"","astra-migrate-meta-layouts":"default","ast-page-background-enabled":"default","ast-page-background-meta":{"desktop":{"background-color":"","background-image":"","background-repeat":"repeat","background-position":"center center","background-size":"auto","background-attachment":"scroll","background-type":"","background-media":"","overlay-type":"","overlay-color":"","overlay-opacity":"","overlay-gradient":""},"tablet":{"background-color":"","background-image":"","background-repeat":"repeat","background-position":"center center","background-size":"auto","background-attachment":"scroll","background-type":"","background-media":"","overlay-type":"","overlay-color":"","overlay-opacity":"","overlay-gradient":""},"mobile":{"background-color":"","background-image":"","background-repeat":"repeat","background-position":"center center","background-size":"auto","background-attachment":"scroll","background-type":"","background-media":"","overlay-type":"","overlay-color":"","overlay-opacity":"","overlay-gradient":""}},"ast-content-background-meta":{"desktop":{"background-color":"var(--ast-global-color-5)","background-image":"","background-repeat":"repeat","background-position":"center center","background-size":"auto","background-attachment":"scroll","background-type":"","background-media":"","overlay-type":"","overlay-color":"","overlay-opacity":"","overlay-gradient":""},"tablet":{"background-color":"var(--ast-global-color-5)","background-image":"","background-repeat":"repeat","background-position":"center center","background-size":"auto","background-attachment":"scroll","background-type":"","background-media":"","overlay-type":"","overlay-color":"","overlay-opacity":"","overlay-gradient":""},"mobile":{"background-color":"var(--ast-global-color-5)","background-image":"","background-repeat":"repeat","background-position":"center center","background-size":"auto","background-attachment":"scroll","background-type":"","background-media":"","overlay-type":"","overlay-color":"","overlay-opacity":"","overlay-gradient":""}},"footnotes":""},"class_list":["post-741","page","type-page","status-publish","hentry"],"yoast_head":"<!-- This site is optimized with the Yoast SEO plugin v23.9 - https:\/\/yoast.com\/wordpress\/plugins\/seo\/ -->\n<title>Login til bookingportal - Taavani<\/title>\n<meta name=\"robots\" content=\"index, follow, max-snippet:-1, max-image-preview:large, max-video-preview:-1\" \/>\n<link rel=\"canonical\" href=\"https:\/\/taavani.gl\/da\/login-til-bookingportal\/\" \/>\n<meta property=\"og:locale\" content=\"da_DK\" \/>\n<meta property=\"og:type\" content=\"article\" \/>\n<meta property=\"og:title\" content=\"Login til bookingportal - Taavani\" \/>\n<meta property=\"og:description\" content=\"Login til bookingportal Vi vil v\u00e6re den foretrukne gateway mellem turister, erhvervsrejsende samt rejseagenter og alle turoperat\u00f8rer i Gr\u00f8nland. Rejsende nu og i fremtiden vil have individuelle rejseplaner, en ubekymret rejse og lette betalingsmuligheder.\" \/>\n<meta property=\"og:url\" content=\"https:\/\/taavani.gl\/da\/login-til-bookingportal\/\" \/>\n<meta property=\"og:site_name\" content=\"Taavani\" \/>\n<meta property=\"article:publisher\" content=\"https:\/\/www.facebook.com\/TaavaniApS\/\" \/>\n<meta property=\"article:modified_time\" content=\"2023-04-12T13:01:44+00:00\" \/>\n<meta property=\"og:image\" content=\"https:\/\/taavani.gl\/wp-content\/uploads\/2023\/03\/20200830_175957-scaled.jpg\" \/>\n\t<meta property=\"og:image:width\" content=\"2560\" \/>\n\t<meta property=\"og:image:height\" content=\"1211\" \/>\n\t<meta property=\"og:image:type\" content=\"image\/jpeg\" \/>\n<meta name=\"twitter:card\" content=\"summary_large_image\" \/>\n<meta name=\"twitter:label1\" content=\"Estimeret l\u00e6setid\" \/>\n\t<meta name=\"twitter:data1\" content=\"2 minutter\" \/>\n<script type=\"application\/ld+json\" class=\"yoast-schema-graph\">{\"@context\":\"https:\/\/schema.org\",\"@graph\":[{\"@type\":\"WebPage\",\"@id\":\"https:\/\/taavani.gl\/da\/login-til-bookingportal\/\",\"url\":\"https:\/\/taavani.gl\/da\/login-til-bookingportal\/\",\"name\":\"Login til bookingportal - Taavani\",\"isPartOf\":{\"@id\":\"https:\/\/taavani.gl\/#website\"},\"primaryImageOfPage\":{\"@id\":\"https:\/\/taavani.gl\/da\/login-til-bookingportal\/#primaryimage\"},\"image\":{\"@id\":\"https:\/\/taavani.gl\/da\/login-til-bookingportal\/#primaryimage\"},\"thumbnailUrl\":\"https:\/\/taavani.gl\/wp-content\/uploads\/2023\/03\/20200830_175957-1024x485.jpg\",\"datePublished\":\"2023-04-12T08:11:52+00:00\",\"dateModified\":\"2023-04-12T13:01:44+00:00\",\"breadcrumb\":{\"@id\":\"https:\/\/taavani.gl\/da\/login-til-bookingportal\/#breadcrumb\"},\"inLanguage\":\"da-DK\",\"potentialAction\":[{\"@type\":\"ReadAction\",\"target\":[\"https:\/\/taavani.gl\/da\/login-til-bookingportal\/\"]}]},{\"@type\":\"ImageObject\",\"inLanguage\":\"da-DK\",\"@id\":\"https:\/\/taavani.gl\/da\/login-til-bookingportal\/#primaryimage\",\"url\":\"https:\/\/taavani.gl\/wp-content\/uploads\/2023\/03\/20200830_175957-1024x485.jpg\",\"contentUrl\":\"https:\/\/taavani.gl\/wp-content\/uploads\/2023\/03\/20200830_175957-1024x485.jpg\"},{\"@type\":\"BreadcrumbList\",\"@id\":\"https:\/\/taavani.gl\/da\/login-til-bookingportal\/#breadcrumb\",\"itemListElement\":[{\"@type\":\"ListItem\",\"position\":1,\"name\":\"Home\",\"item\":\"https:\/\/taavani.gl\/da\/forside\/\"},{\"@type\":\"ListItem\",\"position\":2,\"name\":\"Login til bookingportal\"}]},{\"@type\":\"WebSite\",\"@id\":\"https:\/\/taavani.gl\/#website\",\"url\":\"https:\/\/taavani.gl\/\",\"name\":\"Taavani\",\"description\":\"\",\"potentialAction\":[{\"@type\":\"SearchAction\",\"target\":{\"@type\":\"EntryPoint\",\"urlTemplate\":\"https:\/\/taavani.gl\/?s={search_term_string}\"},\"query-input\":{\"@type\":\"PropertyValueSpecification\",\"valueRequired\":true,\"valueName\":\"search_term_string\"}}],\"inLanguage\":\"da-DK\"}]}<\/script>\n<!-- \/ Yoast SEO plugin. -->","yoast_head_json":{"title":"Login til bookingportal - Taavani","robots":{"index":"index","follow":"follow","max-snippet":"max-snippet:-1","max-image-preview":"max-image-preview:large","max-video-preview":"max-video-preview:-1"},"canonical":"https:\/\/taavani.gl\/da\/login-til-bookingportal\/","og_locale":"da_DK","og_type":"article","og_title":"Login til bookingportal - Taavani","og_description":"Login til bookingportal Vi vil v\u00e6re den foretrukne gateway mellem turister, erhvervsrejsende samt rejseagenter og alle turoperat\u00f8rer i Gr\u00f8nland. Rejsende nu og i fremtiden vil have individuelle rejseplaner, en ubekymret rejse og lette betalingsmuligheder.","og_url":"https:\/\/taavani.gl\/da\/login-til-bookingportal\/","og_site_name":"Taavani","article_publisher":"https:\/\/www.facebook.com\/TaavaniApS\/","article_modified_time":"2023-04-12T13:01:44+00:00","og_image":[{"width":2560,"height":1211,"url":"https:\/\/taavani.gl\/wp-content\/uploads\/2023\/03\/20200830_175957-scaled.jpg","type":"image\/jpeg"}],"twitter_card":"summary_large_image","twitter_misc":{"Estimeret l\u00e6setid":"2 minutter"},"schema":{"@context":"https:\/\/schema.org","@graph":[{"@type":"WebPage","@id":"https:\/\/taavani.gl\/da\/login-til-bookingportal\/","url":"https:\/\/taavani.gl\/da\/login-til-bookingportal\/","name":"Login til bookingportal - Taavani","isPartOf":{"@id":"https:\/\/taavani.gl\/#website"},"primaryImageOfPage":{"@id":"https:\/\/taavani.gl\/da\/login-til-bookingportal\/#primaryimage"},"image":{"@id":"https:\/\/taavani.gl\/da\/login-til-bookingportal\/#primaryimage"},"thumbnailUrl":"https:\/\/taavani.gl\/wp-content\/uploads\/2023\/03\/20200830_175957-1024x485.jpg","datePublished":"2023-04-12T08:11:52+00:00","dateModified":"2023-04-12T13:01:44+00:00","breadcrumb":{"@id":"https:\/\/taavani.gl\/da\/login-til-bookingportal\/#breadcrumb"},"inLanguage":"da-DK","potentialAction":[{"@type":"ReadAction","target":["https:\/\/taavani.gl\/da\/login-til-bookingportal\/"]}]},{"@type":"ImageObject","inLanguage":"da-DK","@id":"https:\/\/taavani.gl\/da\/login-til-bookingportal\/#primaryimage","url":"https:\/\/taavani.gl\/wp-content\/uploads\/2023\/03\/20200830_175957-1024x485.jpg","contentUrl":"https:\/\/taavani.gl\/wp-content\/uploads\/2023\/03\/20200830_175957-1024x485.jpg"},{"@type":"BreadcrumbList","@id":"https:\/\/taavani.gl\/da\/login-til-bookingportal\/#breadcrumb","itemListElement":[{"@type":"ListItem","position":1,"name":"Home","item":"https:\/\/taavani.gl\/da\/forside\/"},{"@type":"ListItem","position":2,"name":"Login til bookingportal"}]},{"@type":"WebSite","@id":"https:\/\/taavani.gl\/#website","url":"https:\/\/taavani.gl\/","name":"Taavani","description":"","potentialAction":[{"@type":"SearchAction","target":{"@type":"EntryPoint","urlTemplate":"https:\/\/taavani.gl\/?s={search_term_string}"},"query-input":{"@type":"PropertyValueSpecification","valueRequired":true,"valueName":"search_term_string"}}],"inLanguage":"da-DK"}]}},"_links":{"self":[{"href":"https:\/\/taavani.gl\/da\/wp-json\/wp\/v2\/pages\/741","targetHints":{"allow":["GET"]}}],"collection":[{"href":"https:\/\/taavani.gl\/da\/wp-json\/wp\/v2\/pages"}],"about":[{"href":"https:\/\/taavani.gl\/da\/wp-json\/wp\/v2\/types\/page"}],"author":[{"embeddable":true,"href":"https:\/\/taavani.gl\/da\/wp-json\/wp\/v2\/users\/1"}],"replies":[{"embeddable":true,"href":"https:\/\/taavani.gl\/da\/wp-json\/wp\/v2\/comments?post=741"}],"version-history":[{"count":4,"href":"https:\/\/taavani.gl\/da\/wp-json\/wp\/v2\/pages\/741\/revisions"}],"predecessor-version":[{"id":864,"href":"https:\/\/taavani.gl\/da\/wp-json\/wp\/v2\/pages\/741\/revisions\/864"}],"wp:attachment":[{"href":"https:\/\/taavani.gl\/da\/wp-json\/wp\/v2\/media?parent=741"}],"curies":[{"name":"wp","href":"https:\/\/api.w.org\/{rel}","templated":true}]}}