{"id":2275,"date":"2023-03-22T09:29:39","date_gmt":"2023-03-22T09:29:39","guid":{"rendered":"https:\/\/taavani.awork21.dk\/privacy-policy\/"},"modified":"2023-10-10T11:31:43","modified_gmt":"2023-10-10T11:31:43","slug":"privacy-policy","status":"publish","type":"page","link":"https:\/\/taavani.gl\/en\/privacy-policy\/","title":{"rendered":"Privacy policy"},"content":{"rendered":"\t\t<div data-elementor-type=\"wp-page\" data-elementor-id=\"2275\" class=\"elementor elementor-2275 elementor-3\" data-elementor-post-type=\"page\">\n\t\t\t\t\t\t<section class=\"elementor-section elementor-top-section elementor-element elementor-element-52035a00 elementor-section-boxed elementor-section-height-default elementor-section-height-default\" data-id=\"52035a00\" data-element_type=\"section\">\n\t\t\t\t\t\t<div class=\"elementor-container elementor-column-gap-default\">\n\t\t\t\t\t<div class=\"elementor-column elementor-col-100 elementor-top-column elementor-element elementor-element-70d967ac\" data-id=\"70d967ac\" data-element_type=\"column\">\n\t\t\t<div class=\"elementor-widget-wrap elementor-element-populated\">\n\t\t\t\t\t\t<div class=\"elementor-element elementor-element-7551c110 elementor-widget elementor-widget-text-editor\" data-id=\"7551c110\" data-element_type=\"widget\" data-widget_type=\"text-editor.default\">\n\t\t\t\t<div class=\"elementor-widget-container\">\n\t\t\t\t\t\t\t<p><strong>Oversigt:<\/strong><br \/>1. Ejeroplysninger<br \/>2. Hvad er cookies?<br \/>3. S\u00e5dan sletter eller blokerer du for cookies<br \/>4. Form\u00e5l med cookies p\u00e5 vores website<br \/>5. Google Analytics<br \/>6. Brug af personoplysninger<br \/>7. Hvor lang tid opbevares cookies<\/p>\n<p><strong>1. Ejeroplysninger<br \/><\/strong>Taavani ApS<\/p>\n<p><strong>2. Hvad er cookies?<\/strong><br \/>En cookie er en lille tekstfil, der lagres i din browser for at kunne genkende din computer ved tilbagevendende bes\u00f8g. Der er ingen personlige oplysninger gemt i vores cookies, og de kan ikke indeholde virus. Taavani ApS anvender cookies i henhold til nedenst\u00e5ende form\u00e5l.<\/p>\n<p><strong>3. S\u00e5dan undg\u00e5r jeg cookies fra Taavani ApS<\/strong><br \/>Hvis du ikke \u00f8nsker at modtage cookies, kan du blokere dem. Som bruger kan du selv bestemme, om du vil acceptere eller slette alle cookies eller kontrollere det individuelt for hvert enkel hjemmeside. Du kan foretage individuelle indstillinger i dine browserindstillinger.<\/p>\n<p><strong>4. Taavani ApS anvender cookies til f\u00f8lgende form\u00e5l<\/strong><br \/>\u2022 Teknisk funktionalitet, s\u00e5 vi kan huske dine pr\u00e6ferencer.<br \/>\u2022 Trafikm\u00e5ling, s\u00e5 vi ved, hvor mange der bes\u00f8ger vores hjemmeside og kan dokumentere dette over for tredjepart.<br \/>\u2022 Adf\u00e6rdsbaseret individuel m\u00e5lretning af indhold, s\u00e5 vi kan vise dig det indhold, som vi formoder, er mest relevante for dig.<\/p>\n<p><strong>5. Taavani ApS benytter Google Analytics (trafikm\u00e5ling m.m.)<\/strong><br \/>Taavani ApS bruger cookies fra Google Analytics til at m\u00e5le trafikken p\u00e5 Taavani ApS.<br \/>Du kan frav\u00e6lge cookies fra Google Analytics her: http:\/\/tools.google.com\/dlpage\/gaoptout<\/p>\n<p><strong>6. Brug af personoplysninger<\/strong><br \/>Personoplysninger afgives aldrig til tredjepart, med mindre du selv udtrykkeligt giver tilsagn hertil, og vi indsamler aldrig personoplysninger, uden at du selv har givet os disse oplysninger ved registrering, k\u00f8b eller deltagelse i en unders\u00f8gelse m.v. Her indsamles oplysninger om navn, adresse, postnummer, e-mail, k\u00f8n, alder, interesser, holdninger og kendskab til forskellige emner.<\/p>\n<p>Personoplysninger bruges til at gennemf\u00f8re det k\u00f8b eller den service, som oplysningerne er indsamlet i forbindelse med. Oplysningerne bruges derudover til at f\u00e5 st\u00f8rre kendskab til dig og \u00f8vrige brugere af hjemmesiden. Denne brug kan bl.a. omfatte unders\u00f8gelser og analyser, der er rettet mod en forbedring af vore produkter, tjenester og teknologier, samt visning af indhold og reklamer, der er tilpasset dine interesser og hobbyer.<\/p>\n<p><strong>6.1 Kontakt vedr. personoplysninger<\/strong><br \/>Hvis du \u00f8nsker adgang til de oplysninger, som er registreret om dig hos Taavani ApS, skal du rette henvendelse p\u00e5 Taavani ApS. Er der registreret forkerte data, eller har du andre indsigelser, kan du rette henvendelse samme sted. Du har mulighed for at f\u00e5 indsigt, i hvilke informationer der er registreret om dig, og du kan g\u00f8re indsigelse mod en registrering i henhold til reglerne i Persondataforordningen.<\/p>\n<p><strong>6.2 Beskyttelse af personoplysninger<\/strong><br \/>If\u00f8lge Persondataforordningen skal dine personlige oplysninger opbevares sikkert og fortroligt. Vi gemmer dine personlige oplysninger p\u00e5 computere med begr\u00e6nset adgang, som er placeret i kontrollerede faciliteter, og vores sikkerhedsforanstaltninger kontrolleres l\u00f8bende, for at afg\u00f8re om vores brugeroplysninger h\u00e5ndteres forsvarligt og under stadig hensyntagen til dine rettigheder som bruger. Vi kan dog ikke garantere 100 procent sikkerhed ved dataoverf\u00f8rsler via internettet. Det betyder, at der kan v\u00e6re en risiko, for at andre uberettiget tiltvinger sig adgang til oplysninger, n\u00e5r data sendes og opbevares elektronisk. Du afgiver s\u00e5ledes dine personlige oplysninger p\u00e5 eget ansvar.<\/p>\n<p>Personoplysninger slettes eller anonymiseres l\u00f8bende, efterh\u00e5nden som det form\u00e5l, de blev indsamlet til, afsluttes. Personoplysninger gemmes h\u00f8jst i 12 m\u00e5neder efter brug.<\/p>\n<p>Den hurtige udvikling af internettet betyder, at \u00e6ndringer i vores behandling af personoplysninger kan blive n\u00f8dvendige. Vi forbeholder os derfor ret til at opdatere og \u00e6ndre n\u00e6rv\u00e6rende retningslinjer for behandling af personoplysninger. G\u00f8r vi det, retter vi selvf\u00f8lgeligt datoen for \u201csidst opdateret\u201d nederst p\u00e5 siden. I tilf\u00e6lde af v\u00e6sentlige \u00e6ndringer giver vi dig besked i form af en synlig meddelelse p\u00e5 hjemmesiden.<\/p>\n<p>I det omfang, der behandles personoplysninger om dig, har du if\u00f8lge Persondataforordningen ret til at f\u00e5 oplyst, hvilke personoplysninger, der kan henf\u00f8res til dig. S\u00e5fremt det viser sig, at de oplysninger eller data, der behandles om dig, er urigtige eller vildledende, har du ret til at kr\u00e6ve disse berigtiget, slettet eller blokeret. Du kan til enhver tid g\u00f8re indsigelse, mod at oplysninger om dig g\u00f8res til genstand for behandling. Du kan ogs\u00e5 til enhver tid tilbagekalde dit samtykke. Du har mulighed for at klage over behandlingen af oplysninger og data vedr\u00f8rende dig. Klage indgives til Datatilsynet, jf. Persondataforordningen.<\/p>\n<p><strong>7. Hvor lang tid opbevares cookies?<\/strong><br \/>Cookies sletter sig selv efter et vist antal m\u00e5neder (antal m\u00e5neder kan variere), men de fornyes efter hvert bes\u00f8g.<\/p>\n\t\t\t\t\t\t<\/div>\n\t\t\t\t<\/div>\n\t\t\t\t\t<\/div>\n\t\t<\/div>\n\t\t\t\t\t<\/div>\n\t\t<\/section>\n\t\t\t\t<\/div>\n\t\t","protected":false},"excerpt":{"rendered":"<p>Oversigt:1. Ejeroplysninger2. Hvad er cookies?3. S\u00e5dan sletter eller blokerer du for cookies4. Form\u00e5l med cookies p\u00e5 vores website5. Google Analytics6. Brug af personoplysninger7. Hvor lang tid opbevares cookies 1. EjeroplysningerTaavani ApS 2. Hvad er cookies?En cookie er en lille tekstfil, der lagres i din browser for at kunne genkende din computer ved tilbagevendende bes\u00f8g. Der [&hellip;]<\/p>\n","protected":false},"author":1,"featured_media":0,"parent":0,"menu_order":0,"comment_status":"closed","ping_status":"closed","template":"","meta":{"_monsterinsights_skip_tracking":false,"_monsterinsights_sitenote_active":false,"_monsterinsights_sitenote_note":"","_monsterinsights_sitenote_category":0,"site-sidebar-layout":"default","site-content-layout":"","ast-site-content-layout":"","site-content-style":"default","site-sidebar-style":"default","ast-global-header-display":"","ast-banner-title-visibility":"","ast-main-header-display":"","ast-hfb-above-header-display":"","ast-hfb-below-header-display":"","ast-hfb-mobile-header-display":"","site-post-title":"","ast-breadcrumbs-content":"","ast-featured-img":"","footer-sml-layout":"","theme-transparent-header-meta":"","adv-header-id-meta":"","stick-header-meta":"","header-above-stick-meta":"","header-main-stick-meta":"","header-below-stick-meta":"","astra-migrate-meta-layouts":"default","ast-page-background-enabled":"default","ast-page-background-meta":{"desktop":{"background-color":"","background-image":"","background-repeat":"repeat","background-position":"center center","background-size":"auto","background-attachment":"scroll","background-type":"","background-media":"","overlay-type":"","overlay-color":"","overlay-opacity":"","overlay-gradient":""},"tablet":{"background-color":"","background-image":"","background-repeat":"repeat","background-position":"center center","background-size":"auto","background-attachment":"scroll","background-type":"","background-media":"","overlay-type":"","overlay-color":"","overlay-opacity":"","overlay-gradient":""},"mobile":{"background-color":"","background-image":"","background-repeat":"repeat","background-position":"center center","background-size":"auto","background-attachment":"scroll","background-type":"","background-media":"","overlay-type":"","overlay-color":"","overlay-opacity":"","overlay-gradient":""}},"ast-content-background-meta":{"desktop":{"background-color":"var(--ast-global-color-5)","background-image":"","background-repeat":"repeat","background-position":"center center","background-size":"auto","background-attachment":"scroll","background-type":"","background-media":"","overlay-type":"","overlay-color":"","overlay-opacity":"","overlay-gradient":""},"tablet":{"background-color":"var(--ast-global-color-5)","background-image":"","background-repeat":"repeat","background-position":"center center","background-size":"auto","background-attachment":"scroll","background-type":"","background-media":"","overlay-type":"","overlay-color":"","overlay-opacity":"","overlay-gradient":""},"mobile":{"background-color":"var(--ast-global-color-5)","background-image":"","background-repeat":"repeat","background-position":"center center","background-size":"auto","background-attachment":"scroll","background-type":"","background-media":"","overlay-type":"","overlay-color":"","overlay-opacity":"","overlay-gradient":""}},"footnotes":""},"class_list":["post-2275","page","type-page","status-publish","hentry"],"yoast_head":"<!-- This site is optimized with the Yoast SEO plugin v23.9 - https:\/\/yoast.com\/wordpress\/plugins\/seo\/ -->\n<title>Privacy policy - Taavani<\/title>\n<meta name=\"robots\" content=\"index, follow, max-snippet:-1, max-image-preview:large, max-video-preview:-1\" \/>\n<link rel=\"canonical\" href=\"https:\/\/taavani.gl\/en\/privacy-policy\/\" \/>\n<meta property=\"og:locale\" content=\"en_US\" \/>\n<meta property=\"og:type\" content=\"article\" \/>\n<meta property=\"og:title\" content=\"Privacy policy - Taavani\" \/>\n<meta property=\"og:description\" content=\"Oversigt:1. Ejeroplysninger2. Hvad er cookies?3. S\u00e5dan sletter eller blokerer du for cookies4. Form\u00e5l med cookies p\u00e5 vores website5. Google Analytics6. Brug af personoplysninger7. Hvor lang tid opbevares cookies 1. EjeroplysningerTaavani ApS 2. Hvad er cookies?En cookie er en lille tekstfil, der lagres i din browser for at kunne genkende din computer ved tilbagevendende bes\u00f8g. Der [&hellip;]\" \/>\n<meta property=\"og:url\" content=\"https:\/\/taavani.gl\/en\/privacy-policy\/\" \/>\n<meta property=\"og:site_name\" content=\"Taavani\" \/>\n<meta property=\"article:publisher\" content=\"https:\/\/www.facebook.com\/TaavaniApS\/\" \/>\n<meta property=\"article:modified_time\" content=\"2023-10-10T11:31:43+00:00\" \/>\n<meta name=\"twitter:card\" content=\"summary_large_image\" \/>\n<meta name=\"twitter:label1\" content=\"Est. reading time\" \/>\n\t<meta name=\"twitter:data1\" content=\"4 minutes\" \/>\n<script type=\"application\/ld+json\" class=\"yoast-schema-graph\">{\"@context\":\"https:\/\/schema.org\",\"@graph\":[{\"@type\":\"WebPage\",\"@id\":\"https:\/\/taavani.gl\/en\/privacy-policy\/\",\"url\":\"https:\/\/taavani.gl\/en\/privacy-policy\/\",\"name\":\"Privacy policy - Taavani\",\"isPartOf\":{\"@id\":\"https:\/\/taavani.gl\/#website\"},\"datePublished\":\"2023-03-22T09:29:39+00:00\",\"dateModified\":\"2023-10-10T11:31:43+00:00\",\"breadcrumb\":{\"@id\":\"https:\/\/taavani.gl\/en\/privacy-policy\/#breadcrumb\"},\"inLanguage\":\"en-US\",\"potentialAction\":[{\"@type\":\"ReadAction\",\"target\":[\"https:\/\/taavani.gl\/en\/privacy-policy\/\"]}]},{\"@type\":\"BreadcrumbList\",\"@id\":\"https:\/\/taavani.gl\/en\/privacy-policy\/#breadcrumb\",\"itemListElement\":[{\"@type\":\"ListItem\",\"position\":1,\"name\":\"Home\",\"item\":\"https:\/\/taavani.gl\/\"},{\"@type\":\"ListItem\",\"position\":2,\"name\":\"Privacy policy\"}]},{\"@type\":\"WebSite\",\"@id\":\"https:\/\/taavani.gl\/#website\",\"url\":\"https:\/\/taavani.gl\/\",\"name\":\"Taavani\",\"description\":\"\",\"potentialAction\":[{\"@type\":\"SearchAction\",\"target\":{\"@type\":\"EntryPoint\",\"urlTemplate\":\"https:\/\/taavani.gl\/?s={search_term_string}\"},\"query-input\":{\"@type\":\"PropertyValueSpecification\",\"valueRequired\":true,\"valueName\":\"search_term_string\"}}],\"inLanguage\":\"en-US\"}]}<\/script>\n<!-- \/ Yoast SEO plugin. -->","yoast_head_json":{"title":"Privacy policy - Taavani","robots":{"index":"index","follow":"follow","max-snippet":"max-snippet:-1","max-image-preview":"max-image-preview:large","max-video-preview":"max-video-preview:-1"},"canonical":"https:\/\/taavani.gl\/en\/privacy-policy\/","og_locale":"en_US","og_type":"article","og_title":"Privacy policy - Taavani","og_description":"Oversigt:1. Ejeroplysninger2. Hvad er cookies?3. S\u00e5dan sletter eller blokerer du for cookies4. Form\u00e5l med cookies p\u00e5 vores website5. Google Analytics6. Brug af personoplysninger7. Hvor lang tid opbevares cookies 1. EjeroplysningerTaavani ApS 2. Hvad er cookies?En cookie er en lille tekstfil, der lagres i din browser for at kunne genkende din computer ved tilbagevendende bes\u00f8g. Der [&hellip;]","og_url":"https:\/\/taavani.gl\/en\/privacy-policy\/","og_site_name":"Taavani","article_publisher":"https:\/\/www.facebook.com\/TaavaniApS\/","article_modified_time":"2023-10-10T11:31:43+00:00","twitter_card":"summary_large_image","twitter_misc":{"Est. reading time":"4 minutes"},"schema":{"@context":"https:\/\/schema.org","@graph":[{"@type":"WebPage","@id":"https:\/\/taavani.gl\/en\/privacy-policy\/","url":"https:\/\/taavani.gl\/en\/privacy-policy\/","name":"Privacy policy - Taavani","isPartOf":{"@id":"https:\/\/taavani.gl\/#website"},"datePublished":"2023-03-22T09:29:39+00:00","dateModified":"2023-10-10T11:31:43+00:00","breadcrumb":{"@id":"https:\/\/taavani.gl\/en\/privacy-policy\/#breadcrumb"},"inLanguage":"en-US","potentialAction":[{"@type":"ReadAction","target":["https:\/\/taavani.gl\/en\/privacy-policy\/"]}]},{"@type":"BreadcrumbList","@id":"https:\/\/taavani.gl\/en\/privacy-policy\/#breadcrumb","itemListElement":[{"@type":"ListItem","position":1,"name":"Home","item":"https:\/\/taavani.gl\/"},{"@type":"ListItem","position":2,"name":"Privacy policy"}]},{"@type":"WebSite","@id":"https:\/\/taavani.gl\/#website","url":"https:\/\/taavani.gl\/","name":"Taavani","description":"","potentialAction":[{"@type":"SearchAction","target":{"@type":"EntryPoint","urlTemplate":"https:\/\/taavani.gl\/?s={search_term_string}"},"query-input":{"@type":"PropertyValueSpecification","valueRequired":true,"valueName":"search_term_string"}}],"inLanguage":"en-US"}]}},"_links":{"self":[{"href":"https:\/\/taavani.gl\/en\/wp-json\/wp\/v2\/pages\/2275","targetHints":{"allow":["GET"]}}],"collection":[{"href":"https:\/\/taavani.gl\/en\/wp-json\/wp\/v2\/pages"}],"about":[{"href":"https:\/\/taavani.gl\/en\/wp-json\/wp\/v2\/types\/page"}],"author":[{"embeddable":true,"href":"https:\/\/taavani.gl\/en\/wp-json\/wp\/v2\/users\/1"}],"replies":[{"embeddable":true,"href":"https:\/\/taavani.gl\/en\/wp-json\/wp\/v2\/comments?post=2275"}],"version-history":[{"count":3,"href":"https:\/\/taavani.gl\/en\/wp-json\/wp\/v2\/pages\/2275\/revisions"}],"predecessor-version":[{"id":3386,"href":"https:\/\/taavani.gl\/en\/wp-json\/wp\/v2\/pages\/2275\/revisions\/3386"}],"wp:attachment":[{"href":"https:\/\/taavani.gl\/en\/wp-json\/wp\/v2\/media?parent=2275"}],"curies":[{"name":"wp","href":"https:\/\/api.w.org\/{rel}","templated":true}]}}